{"id":540,"date":"2023-06-15T04:55:52","date_gmt":"2023-06-15T04:55:52","guid":{"rendered":"https:\/\/demo.bravisthemes.com\/digicove\/?page_id=540"},"modified":"2024-09-19T15:20:19","modified_gmt":"2024-09-19T15:20:19","slug":"lien-he","status":"publish","type":"page","link":"https:\/\/ads-fly.com\/zh\/lien-he\/","title":{"rendered":"\u63a5\u89e6"},"content":{"rendered":"<div data-elementor-type=\"wp-page\" data-elementor-id=\"540\" class=\"elementor elementor-540\" data-elementor-post-type=\"page\">\n\t\t\t\t        <section class=\"elementor-section elementor-top-section elementor-element elementor-element-e0b1f02 elementor-section-boxed elementor-section-height-default elementor-section-height-default pxl-section-overflow-hidden-no\" data-id=\"e0b1f02\" data-element_type=\"section\">\n\n                \n                <div class=\"elementor-container elementor-column-gap-default\">\n                <div class=\"elementor-column elementor-col-100 elementor-top-column elementor-element elementor-element-6b6d0cf col-offset-none pxl-column-element-default pxl-column-overflow-hidden-no\" data-id=\"6b6d0cf\" data-element_type=\"column\">\r\n        <div class=\"elementor-widget-wrap elementor-element-populated\">\r\n                     \r\n        \t\t<div class=\"elementor-element elementor-element-17f5217 elementor-widget elementor-widget-heading\" data-id=\"17f5217\" data-element_type=\"widget\" data-widget_type=\"heading.default\">\n\t\t\t\t<div class=\"elementor-widget-container\">\n\t\t\t<style>\/*! elementor - v3.23.0 - 05-08-2024 *\/\n.elementor-heading-title{padding:0;margin:0;line-height:1}.elementor-widget-heading .elementor-heading-title[class*=elementor-size-]>a{color:inherit;font-size:inherit;line-height:inherit}.elementor-widget-heading .elementor-heading-title.elementor-size-small{font-size:15px}.elementor-widget-heading .elementor-heading-title.elementor-size-medium{font-size:19px}.elementor-widget-heading .elementor-heading-title.elementor-size-large{font-size:29px}.elementor-widget-heading .elementor-heading-title.elementor-size-xl{font-size:39px}.elementor-widget-heading .elementor-heading-title.elementor-size-xxl{font-size:59px}<\/style><h2 class=\"elementor-heading-title elementor-size-default\">\u5c06\u60a8\u7684\u95ee\u9898\u53d1\u9001\u7ed9\u6211\u4eec\n<\/h2>\t\t<\/div>\n\t\t\t\t<\/div>\n\t\t        <section class=\"elementor-section elementor-inner-section elementor-element elementor-element-e48dbb7 elementor-section-boxed elementor-section-height-default elementor-section-height-default pxl-section-overflow-hidden-no\" data-id=\"e48dbb7\" data-element_type=\"section\">\n\n                \n                <div class=\"elementor-container elementor-column-gap-default\">\n                <div class=\"elementor-column elementor-col-25 elementor-inner-column elementor-element elementor-element-578bfa7 col-offset-none pxl-column-element-default pxl-column-overflow-hidden-no\" data-id=\"578bfa7\" data-element_type=\"column\">\r\n        <div class=\"elementor-widget-wrap elementor-element-populated\">\r\n                     \r\n        \t\t<div class=\"elementor-element elementor-element-c41174f elementor-view-default elementor-position-top elementor-mobile-position-top elementor-widget elementor-widget-icon-box\" data-id=\"c41174f\" data-element_type=\"widget\" data-widget_type=\"icon-box.default\">\n\t\t\t\t<div class=\"elementor-widget-container\">\n\t\t\t<link rel=\"stylesheet\" href=\"https:\/\/ads-fly.com\/wp-content\/uploads\/elementor\/css\/custom-widget-icon-box.min.css?ver=1775133535\">\t\t<div class=\"elementor-icon-box-wrapper\">\n\n\t\t\t\t\t\t<div class=\"elementor-icon-box-icon\">\n\t\t\t\t<a href=\"https:\/\/t.me\/adsflyagency\" class=\"elementor-icon elementor-animation-\" tabindex=\"-1\">\n\t\t\t\t<i aria-hidden=\"true\" class=\"fab fa-telegram\"><\/i>\t\t\t\t<\/a>\n\t\t\t<\/div>\n\t\t\t\n\t\t\t\t\t\t<div class=\"elementor-icon-box-content\">\n\n\t\t\t\t\t\t\t\t\t<h3 class=\"elementor-icon-box-title\">\n\t\t\t\t\t\t<a href=\"https:\/\/t.me\/adsflyagency\" >\n\t\t\t\t\t\t\tChanel Telegram\t\t\t\t\t\t<\/a>\n\t\t\t\t\t<\/h3>\n\t\t\t\t\n\t\t\t\t\n\t\t\t<\/div>\n\t\t\t\n\t\t<\/div>\n\t\t\t\t<\/div>\n\t\t\t\t<\/div>\n\t\t            <\/div>\r\n        <\/div>\r\n                <div class=\"elementor-column elementor-col-25 elementor-inner-column elementor-element elementor-element-86cefb0 col-offset-none pxl-column-element-default pxl-column-overflow-hidden-no\" data-id=\"86cefb0\" data-element_type=\"column\">\r\n        <div class=\"elementor-widget-wrap elementor-element-populated\">\r\n                     \r\n        \t\t<div class=\"elementor-element elementor-element-56857aa elementor-view-default elementor-position-top elementor-mobile-position-top elementor-widget elementor-widget-icon-box\" data-id=\"56857aa\" data-element_type=\"widget\" data-widget_type=\"icon-box.default\">\n\t\t\t\t<div class=\"elementor-widget-container\">\n\t\t\t\t\t<div class=\"elementor-icon-box-wrapper\">\n\n\t\t\t\t\t\t<div class=\"elementor-icon-box-icon\">\n\t\t\t\t<a href=\"https:\/\/t.me\/hilinguyen\" class=\"elementor-icon elementor-animation-\" tabindex=\"-1\">\n\t\t\t\t<i aria-hidden=\"true\" class=\"fab fa-telegram\"><\/i>\t\t\t\t<\/a>\n\t\t\t<\/div>\n\t\t\t\n\t\t\t\t\t\t<div class=\"elementor-icon-box-content\">\n\n\t\t\t\t\t\t\t\t\t<h3 class=\"elementor-icon-box-title\">\n\t\t\t\t\t\t<a href=\"https:\/\/t.me\/hilinguyen\" >\n\t\t\t\t\t\t\tChat Admin\t\t\t\t\t\t<\/a>\n\t\t\t\t\t<\/h3>\n\t\t\t\t\n\t\t\t\t\n\t\t\t<\/div>\n\t\t\t\n\t\t<\/div>\n\t\t\t\t<\/div>\n\t\t\t\t<\/div>\n\t\t            <\/div>\r\n        <\/div>\r\n                <div class=\"elementor-column elementor-col-25 elementor-inner-column elementor-element elementor-element-a7c3759 col-offset-none pxl-column-element-default pxl-column-overflow-hidden-no\" data-id=\"a7c3759\" data-element_type=\"column\">\r\n        <div class=\"elementor-widget-wrap elementor-element-populated\">\r\n                     \r\n        \t\t<div class=\"elementor-element elementor-element-2749b98 elementor-view-default elementor-position-top elementor-mobile-position-top elementor-widget elementor-widget-icon-box\" data-id=\"2749b98\" data-element_type=\"widget\" data-widget_type=\"icon-box.default\">\n\t\t\t\t<div class=\"elementor-widget-container\">\n\t\t\t\t\t<div class=\"elementor-icon-box-wrapper\">\n\n\t\t\t\t\t\t<div class=\"elementor-icon-box-icon\">\n\t\t\t\t<span  class=\"elementor-icon elementor-animation-\">\n\t\t\t\t<i aria-hidden=\"true\" class=\"far fa-phone\"><\/i>\t\t\t\t<\/span>\n\t\t\t<\/div>\n\t\t\t\n\t\t\t\t\t\t<div class=\"elementor-icon-box-content\">\n\n\t\t\t\t\t\t\t\t\t<h3 class=\"elementor-icon-box-title\">\n\t\t\t\t\t\t<span  >\n\t\t\t\t\t\t\tPhone\t\t\t\t\t\t<\/span>\n\t\t\t\t\t<\/h3>\n\t\t\t\t\n\t\t\t\t\n\t\t\t<\/div>\n\t\t\t\n\t\t<\/div>\n\t\t\t\t<\/div>\n\t\t\t\t<\/div>\n\t\t            <\/div>\r\n        <\/div>\r\n                <div class=\"elementor-column elementor-col-25 elementor-inner-column elementor-element elementor-element-df33443 col-offset-none pxl-column-element-default pxl-column-overflow-hidden-no\" data-id=\"df33443\" data-element_type=\"column\">\r\n        <div class=\"elementor-widget-wrap elementor-element-populated\">\r\n                     \r\n        \t\t<div class=\"elementor-element elementor-element-844b37e elementor-view-default elementor-position-top elementor-mobile-position-top elementor-widget elementor-widget-icon-box\" data-id=\"844b37e\" data-element_type=\"widget\" data-widget_type=\"icon-box.default\">\n\t\t\t\t<div class=\"elementor-widget-container\">\n\t\t\t\t\t<div class=\"elementor-icon-box-wrapper\">\n\n\t\t\t\t\t\t<div class=\"elementor-icon-box-icon\">\n\t\t\t\t<a href=\"\" class=\"elementor-icon elementor-animation-\" tabindex=\"-1\">\n\t\t\t\t<i aria-hidden=\"true\" class=\"fal fa-mail-bulk\"><\/i>\t\t\t\t<\/a>\n\t\t\t<\/div>\n\t\t\t\n\t\t\t\t\t\t<div class=\"elementor-icon-box-content\">\n\n\t\t\t\t\t\t\t\t\t<h3 class=\"elementor-icon-box-title\">\n\t\t\t\t\t\t<a href=\"\" >\n\t\t\t\t\t\t\t\u7535\u5b50\u90ae\u4ef6\t\t\t\t\t\t<\/a>\n\t\t\t\t\t<\/h3>\n\t\t\t\t\n\t\t\t\t\n\t\t\t<\/div>\n\t\t\t\n\t\t<\/div>\n\t\t\t\t<\/div>\n\t\t\t\t<\/div>\n\t\t            <\/div>\r\n        <\/div>\r\n        \t\t\t<\/div>\n\t\t<\/section>\n\t\t            <\/div>\r\n        <\/div>\r\n        \t\t\t<\/div>\n\t\t<\/section>\n\t\t        <section class=\"elementor-section elementor-top-section elementor-element elementor-element-3400d82 max-width-container elementor-section-boxed elementor-section-height-default elementor-section-height-default pxl-section-overflow-hidden-no elementor-invisible pxl-elementor-animate\" data-id=\"3400d82\" data-element_type=\"section\" data-settings=\"{&quot;animation&quot;:&quot;fadeInUp&quot;}\">\n\n                \n                <div class=\"elementor-container elementor-column-gap-extended\">\n                <div class=\"elementor-column elementor-col-100 elementor-top-column elementor-element elementor-element-43ab83c col-offset-none pxl-column-element-default pxl-column-overflow-hidden-no\" data-id=\"43ab83c\" data-element_type=\"column\" data-settings=\"{&quot;background_background&quot;:&quot;gradient&quot;}\">\r\n        <div class=\"elementor-widget-wrap elementor-element-populated\">\r\n                     \r\n        \t\t<div class=\"elementor-element elementor-element-d754925 elementor-widget elementor-widget-pxl_particle\" data-id=\"d754925\" data-element_type=\"widget\" data-widget_type=\"pxl_particle.default\">\n\t\t\t\t<div class=\"elementor-widget-container\">\n\t\t\t\t<div class=\"pxl-particle pxl-particle1 img-below-content\">\r\n\t\t\t\t    <div id=\"pxl_particle-d754925-75050\" class=\"pxl-item--particle elementor-repeater-item-6162f96 top-left\" >\r\n\t\t    \t<img fetchpriority=\"high\" decoding=\"async\" width=\"422\" height=\"824\" src=\"https:\/\/ads-fly.com\/wp-content\/uploads\/2023\/06\/contact02.png\" class=\"wow fadeInLeft attachment-full\" alt=\"\" \/>\t\t\r\n\t\t    <\/div>\r\n\t\t\t\t    <div id=\"pxl_particle-d754925-75051\" class=\"pxl-item--particle elementor-repeater-item-f954283 top-right\" >\r\n\t\t    \t<img decoding=\"async\" width=\"451\" height=\"356\" src=\"https:\/\/ads-fly.com\/wp-content\/uploads\/2023\/06\/contact01.png\" class=\"wow fadeInRight attachment-full\" alt=\"\" \/>\t\t\r\n\t\t    <\/div>\r\n\t\t\t<\/div>\r\n\t\t<\/div>\n\t\t\t\t<\/div>\n\t\t\t\t<div class=\"elementor-element elementor-element-77c775d elementor-widget elementor-widget-pxl_heading\" data-id=\"77c775d\" data-element_type=\"widget\" data-widget_type=\"pxl_heading.default\">\n\t\t\t\t<div class=\"elementor-widget-container\">\n\t\t\t<div class=\"pxl-heading\">\n    <div class=\"pxl-heading--inner\">\n                    <div class=\"pxl-item--subtitle\">\n                <span>GET IN TOUCH<\/span>\n            <\/div>\n                <h2 class=\"pxl-item--title divider-none\">\n        \u586b\u5199\u8868\u683c\u8054\u7cfb\u6211\u4eec                <\/h2>\n                    <\/div>\n<\/div>\n\n\t\t<\/div>\n\t\t\t\t<\/div>\n\t\t\t\t<div class=\"elementor-element elementor-element-e619c4a elementor-widget elementor-widget-pxl_contact_form\" data-id=\"e619c4a\" data-element_type=\"widget\" data-widget_type=\"pxl_contact_form.default\">\n\t\t\t\t<div class=\"elementor-widget-container\">\n\t\t\t    <div class=\"pxl-contact-form pxl-contact-form1   default\" data-wow-delay=\"ms\">\r\n    <div class=\"pxl--el-title\">\r\n                        \r\n    <\/div>\r\n    \n<div class=\"wpcf7 no-js\" id=\"wpcf7-f626-o1\" lang=\"en-US\" dir=\"ltr\">\n<div class=\"screen-reader-response\"><p role=\"status\" aria-live=\"polite\" aria-atomic=\"true\"><\/p> <ul><\/ul><\/div>\n<form action=\"\/zh\/wp-json\/wp\/v2\/pages\/540#wpcf7-f626-o1\" method=\"post\" class=\"wpcf7-form init\" aria-label=\"Contact form\" novalidate=\"novalidate\" data-status=\"init\" data-trp-original-action=\"\/zh\/wp-json\/wp\/v2\/pages\/540#wpcf7-f626-o1\">\n<div style=\"display: none;\">\n<input type=\"hidden\" name=\"_wpcf7\" value=\"626\" \/>\n<input type=\"hidden\" name=\"_wpcf7_version\" value=\"5.9.8\" \/>\n<input type=\"hidden\" name=\"_wpcf7_locale\" value=\"en_US\" \/>\n<input type=\"hidden\" name=\"_wpcf7_unit_tag\" value=\"wpcf7-f626-o1\" \/>\n<input type=\"hidden\" name=\"_wpcf7_container_post\" value=\"0\" \/>\n<input type=\"hidden\" name=\"_wpcf7_posted_data_hash\" value=\"\" \/>\n<\/div>\n<div class=\"wp-row-ctf7 contact-form-custom1\">\n\t<div class=\"row input-contact\">\n\t\t<div class=\"col-lg-12\">\n\t\t\t<div class=\"input-filled your-name\">\n\t\t\t\t<p><label>\u59d3\u540d<\/label><br \/>\n<span class=\"wpcf7-form-control-wrap\" data-name=\"your-name\"><input size=\"40\" maxlength=\"400\" class=\"wpcf7-form-control wpcf7-text wpcf7-validates-as-required\" aria-required=\"true\" aria-invalid=\"false\" value=\"\" type=\"text\" name=\"your-name\" \/><\/span>\n\t\t\t\t<\/p>\n\t\t\t<\/div>\n\t\t<\/div>\n\t\t<div class=\"col-lg-12\">\n\t\t\t<div class=\"input-filled your-emaill\">\n\t\t\t\t<p><label>\u7535\u5b50\u90ae\u4ef6<\/label><br \/>\n<span class=\"wpcf7-form-control-wrap\" data-name=\"your-emaill\"><input size=\"40\" maxlength=\"400\" class=\"wpcf7-form-control wpcf7-email wpcf7-validates-as-required wpcf7-text wpcf7-validates-as-email\" aria-required=\"true\" aria-invalid=\"false\" value=\"\" type=\"email\" name=\"your-emaill\" \/><\/span>\n\t\t\t\t<\/p>\n\t\t\t<\/div>\n\t\t<\/div>\n\t\t<div class=\"col-lg-12\">\n\t\t\t<div class=\"input-filled your-message\">\n\t\t\t\t<p><label>\u4fe1\u606f<\/label><br \/>\n<span class=\"wpcf7-form-control-wrap\" data-name=\"textarea-823\"><textarea cols=\"40\" rows=\"10\" maxlength=\"2000\" class=\"wpcf7-form-control wpcf7-textarea wpcf7-validates-as-required\" aria-required=\"true\" aria-invalid=\"false\" name=\"textarea-823\"><\/textarea><\/span>\n\t\t\t\t<\/p>\n\t\t\t<\/div>\n\t\t<\/div>\n\t<\/div>\n\t<div class=\"row button-contact\">\n\t\t<div class=\"col-lg-12\">\n\t\t\t<div class=\"btn btn-form\">\n\t\t\t\t<p><button type=\"submit\">\u63d0\u4ea4<\/button><span class=\"button-arrow-hover\"><svg xmlns=\"http:\/\/www.w3.org\/2000\/svg\" width=\"12\" height=\"12\" viewbox=\"0 0 12 12\" fill=\"none\"><path d=\"M11.0224 0.112104L3.7102 -0.000354929C3.51661 3.25587e-05 3.33325 0.0764821 3.19962 0.212529C3.06599 0.348576 2.99278 0.533334 2.99576 0.72701C2.99874 0.920687 3.07767 1.10778 3.21555 1.24801C3.35342 1.38823 3.53922 1.47036 3.73292 1.4767L9.26196 1.56174L0.218105 10.6056C0.0817139 10.742 0.00678252 10.9287 0.0097954 11.1246C0.0128083 11.3205 0.0935186 11.5095 0.234171 11.6502C0.374823 11.7908 0.563896 11.8715 0.759795 11.8746C0.955695 11.8776 1.14237 11.8026 1.27877 11.6663L10.3226 2.6224L10.4077 8.15144C10.4075 8.24947 10.4268 8.34717 10.4646 8.43883C10.5023 8.53048 10.5577 8.61426 10.6275 8.68527C10.6974 8.75628 10.7802 8.8131 10.8712 8.85242C10.9623 8.89173 11.0597 8.91276 11.1577 8.91427C11.2558 8.91578 11.3526 8.89774 11.4425 8.8612C11.5324 8.82467 11.6135 8.77037 11.6812 8.70147C11.7488 8.63258 11.8017 8.55047 11.8366 8.45993C11.8716 8.36939 11.8879 8.27224 11.8847 8.17415L11.7723 0.861991C11.7692 0.666129 11.6885 0.477103 11.5479 0.336478C11.4073 0.195854 11.2182 0.115146 11.0224 0.112104Z\" fill=\"#FDFDFD\"><\/path><\/svg><svg xmlns=\"http:\/\/www.w3.org\/2000\/svg\" width=\"12\" height=\"12\" viewbox=\"0 0 12 12\" fill=\"none\"><path d=\"M11.0224 0.112104L3.7102 -0.000354929C3.51661 3.25587e-05 3.33325 0.0764821 3.19962 0.212529C3.06599 0.348576 2.99278 0.533334 2.99576 0.72701C2.99874 0.920687 3.07767 1.10778 3.21555 1.24801C3.35342 1.38823 3.53922 1.47036 3.73292 1.4767L9.26196 1.56174L0.218105 10.6056C0.0817139 10.742 0.00678252 10.9287 0.0097954 11.1246C0.0128083 11.3205 0.0935186 11.5095 0.234171 11.6502C0.374823 11.7908 0.563896 11.8715 0.759795 11.8746C0.955695 11.8776 1.14237 11.8026 1.27877 11.6663L10.3226 2.6224L10.4077 8.15144C10.4075 8.24947 10.4268 8.34717 10.4646 8.43883C10.5023 8.53048 10.5577 8.61426 10.6275 8.68527C10.6974 8.75628 10.7802 8.8131 10.8712 8.85242C10.9623 8.89173 11.0597 8.91276 11.1577 8.91427C11.2558 8.91578 11.3526 8.89774 11.4425 8.8612C11.5324 8.82467 11.6135 8.77037 11.6812 8.70147C11.7488 8.63258 11.8017 8.55047 11.8366 8.45993C11.8716 8.36939 11.8879 8.27224 11.8847 8.17415L11.7723 0.861991C11.7692 0.666129 11.6885 0.477103 11.5479 0.336478C11.4073 0.195854 11.2182 0.115146 11.0224 0.112104Z\" fill=\"#FDFDFD\"><\/path><\/svg><\/span>\n\t\t\t\t<\/p>\n\t\t\t<\/div>\n\t\t<\/div>\n\t<\/div>\n<\/div><div class=\"wpcf7-response-output\" aria-hidden=\"true\"><\/div>\n<input type=\"hidden\" name=\"trp-form-language\" value=\"zh\"\/><\/form>\n<\/div>\n<\/div>\r\n\t\t<\/div>\n\t\t\t\t<\/div>\n\t\t\t\t<div class=\"elementor-element elementor-element-ea79ba4 elementor-widget elementor-widget-pxl_particle\" data-id=\"ea79ba4\" data-element_type=\"widget\" data-widget_type=\"pxl_particle.default\">\n\t\t\t\t<div class=\"elementor-widget-container\">\n\t\t\t\t<div class=\"pxl-particle pxl-particle1 img-below-content\">\r\n\t\t\t\t    <div id=\"pxl_particle-ea79ba4-76580\" class=\"pxl-item--particle elementor-repeater-item-6e858f0 bottom-right\" >\r\n\t\t    \t<img decoding=\"async\" width=\"839\" height=\"814\" src=\"https:\/\/ads-fly.com\/wp-content\/uploads\/2023\/06\/contact03.png\" class=\"wow fadeInRight attachment-full\" alt=\"\" \/>\t\t\r\n\t\t    <\/div>\r\n\t\t\t<\/div>\r\n\t\t<\/div>\n\t\t\t\t<\/div>\n\t\t            <\/div>\r\n        <\/div>\r\n        \t\t\t<\/div>\n\t\t<\/section>\n\t\t\t\t<\/div>","protected":false},"excerpt":{"rendered":"<p>G\u1eedi th\u1eafc m\u1eafc cho ch\u00fang t\u00f4i Chanel Telegram Chat Admin Phone Email GET IN TOUCH \u0110i\u1ec1n v\u00e0o m\u1eabu \u0111\u1ec3 li\u00ean h\u1ec7 v\u1edbi ch\u00fang t\u00f4i Name Email Message Submit<\/p>","protected":false},"author":1,"featured_media":0,"parent":0,"menu_order":0,"comment_status":"closed","ping_status":"closed","template":"","meta":{"footnotes":""},"class_list":["post-540","page","type-page","status-publish","hentry"],"_links":{"self":[{"href":"https:\/\/ads-fly.com\/zh\/wp-json\/wp\/v2\/pages\/540","targetHints":{"allow":["GET"]}}],"collection":[{"href":"https:\/\/ads-fly.com\/zh\/wp-json\/wp\/v2\/pages"}],"about":[{"href":"https:\/\/ads-fly.com\/zh\/wp-json\/wp\/v2\/types\/page"}],"author":[{"embeddable":true,"href":"https:\/\/ads-fly.com\/zh\/wp-json\/wp\/v2\/users\/1"}],"replies":[{"embeddable":true,"href":"https:\/\/ads-fly.com\/zh\/wp-json\/wp\/v2\/comments?post=540"}],"version-history":[{"count":16,"href":"https:\/\/ads-fly.com\/zh\/wp-json\/wp\/v2\/pages\/540\/revisions"}],"predecessor-version":[{"id":20238,"href":"https:\/\/ads-fly.com\/zh\/wp-json\/wp\/v2\/pages\/540\/revisions\/20238"}],"wp:attachment":[{"href":"https:\/\/ads-fly.com\/zh\/wp-json\/wp\/v2\/media?parent=540"}],"curies":[{"name":"wp","href":"https:\/\/api.w.org\/{rel}","templated":true}]}}