{"id":461,"date":"2023-06-15T01:46:39","date_gmt":"2023-06-15T01:46:39","guid":{"rendered":"https:\/\/demo.bravisthemes.com\/digicove\/?page_id=461"},"modified":"2024-10-21T23:15:58","modified_gmt":"2024-10-21T23:15:58","slug":"price","status":"publish","type":"page","link":"https:\/\/ads-fly.com\/zh\/price\/","title":{"rendered":"\u4ef7\u683c\u8868"},"content":{"rendered":"<div data-elementor-type=\"wp-page\" data-elementor-id=\"461\" class=\"elementor elementor-461\" data-elementor-post-type=\"page\">\n\t\t\t\t        <section class=\"elementor-section elementor-top-section elementor-element elementor-element-5b721687 elementor-section-stretched elementor-section-boxed elementor-section-height-default elementor-section-height-default pxl-section-overflow-hidden-no elementor-invisible pxl-elementor-animate\" data-id=\"5b721687\" data-element_type=\"section\" data-settings=\"{&quot;stretch_section&quot;:&quot;section-stretched&quot;,&quot;animation&quot;:&quot;fadeInUp&quot;,&quot;animation_delay&quot;:600}\">\n\n                \n                <div class=\"elementor-container elementor-column-gap-extended\">\n                <div class=\"elementor-column elementor-col-33 elementor-top-column elementor-element elementor-element-26037610 col-offset-none pxl-column-element-default pxl-column-overflow-hidden-no\" data-id=\"26037610\" data-element_type=\"column\">\r\n        <div class=\"elementor-widget-wrap elementor-element-populated\">\r\n                     \r\n        \t\t<div class=\"elementor-element elementor-element-140471e elementor-widget elementor-widget-pxl_pricing\" data-id=\"140471e\" data-element_type=\"widget\" data-widget_type=\"pxl_pricing.default\">\n\t\t\t\t<div class=\"elementor-widget-container\">\n\t\t\t<div class=\"pxl-pricing pxl-pricing1 no-active  default\" data-wow-delay=\"ms\">\r\n    <h3 class=\"pxl-title\"><span>\u4e94\u4e95\u521b\u4e1a\u516c\u53f8<\/span><\/h3>\r\n    <div class=\"pxl-meta\">\r\n        <span class=\"pxl-after\"><$5.000<\/span>\r\n        <div class=\"pxl-price\">\r\n                            <span class=\"pxl-currency\">$<\/span>\r\n                        <span class=\"pxl-value\">100<\/span>\r\n            <span class=\"pxl-suffix\">\/\u6708<\/span>\r\n        <\/div>\r\n    <\/div>\r\n        <ul class=\"pxl-feature\">\r\n                    <div class=\"is-active\">\r\n                                \u514d\u6536\u5f00\u6237\u8d39                            <\/div>\r\n                    <div class=\"is-active\">\r\n                                \u53d6\u51b3\u4e8e\u4f60\u7684\u97f3\u91cf                            <\/div>\r\n                    <div class=\"is-active\">\r\n                                \u5b58\u6b3e 24\/7                            <\/div>\r\n                    <div class=\"is-active\">\r\n                                \u5411\u5e73\u53f0\u4e13\u5bb6\u83b7\u53d6\u6709\u5173\u8425\u9500\u6d3b\u52a8\u4f18\u5316\u548c\u54c1\u724c\u5b9a\u4f4d\u7684\u5efa\u8bae                            <\/div>\r\n                    <div class=\"is-active\">\r\n                                \u4ea4\u8d27\u8d26\u6237\u65e0\u9700\u7f34\u7eb3\u589e\u503c\u7a0e                            <\/div>\r\n            <\/ul>\r\n                    <a class=\"btn\" href=\"https:\/\/ads-fly.com\/zh\/lien-he\/\">\r\n            <span>\r\n                \u767b\u8bb0            <\/span>\r\n            <span class=\"button-arrow-hover\">\r\n                <svg xmlns=\"http:\/\/www.w3.org\/2000\/svg\" width=\"12\" height=\"12\" viewbox=\"0 0 12 12\" fill=\"none\"><path d=\"M11.0224 0.112104L3.7102 -0.000354929C3.51661 3.25587e-05 3.33325 0.0764821 3.19962 0.212529C3.06599 0.348576 2.99278 0.533334 2.99576 0.72701C2.99874 0.920687 3.07767 1.10778 3.21555 1.24801C3.35342 1.38823 3.53922 1.47036 3.73292 1.4767L9.26196 1.56174L0.218105 10.6056C0.0817139 10.742 0.00678252 10.9287 0.0097954 11.1246C0.0128083 11.3205 0.0935186 11.5095 0.234171 11.6502C0.374823 11.7908 0.563896 11.8715 0.759795 11.8746C0.955695 11.8776 1.14237 11.8026 1.27877 11.6663L10.3226 2.6224L10.4077 8.15144C10.4075 8.24947 10.4268 8.34717 10.4646 8.43883C10.5023 8.53048 10.5577 8.61426 10.6275 8.68527C10.6974 8.75628 10.7802 8.8131 10.8712 8.85242C10.9623 8.89173 11.0597 8.91276 11.1577 8.91427C11.2558 8.91578 11.3526 8.89774 11.4425 8.8612C11.5324 8.82467 11.6135 8.77037 11.6812 8.70147C11.7488 8.63258 11.8017 8.55047 11.8366 8.45993C11.8716 8.36939 11.8879 8.27224 11.8847 8.17415L11.7723 0.861991C11.7692 0.666129 11.6885 0.477103 11.5479 0.336478C11.4073 0.195854 11.2182 0.115146 11.0224 0.112104Z\" fill=\"#FDFDFD\"><\/path><\/svg>            <svg xmlns=\"http:\/\/www.w3.org\/2000\/svg\" width=\"12\" height=\"12\" viewbox=\"0 0 12 12\" fill=\"none\"><path d=\"M11.0224 0.112104L3.7102 -0.000354929C3.51661 3.25587e-05 3.33325 0.0764821 3.19962 0.212529C3.06599 0.348576 2.99278 0.533334 2.99576 0.72701C2.99874 0.920687 3.07767 1.10778 3.21555 1.24801C3.35342 1.38823 3.53922 1.47036 3.73292 1.4767L9.26196 1.56174L0.218105 10.6056C0.0817139 10.742 0.00678252 10.9287 0.0097954 11.1246C0.0128083 11.3205 0.0935186 11.5095 0.234171 11.6502C0.374823 11.7908 0.563896 11.8715 0.759795 11.8746C0.955695 11.8776 1.14237 11.8026 1.27877 11.6663L10.3226 2.6224L10.4077 8.15144C10.4075 8.24947 10.4268 8.34717 10.4646 8.43883C10.5023 8.53048 10.5577 8.61426 10.6275 8.68527C10.6974 8.75628 10.7802 8.8131 10.8712 8.85242C10.9623 8.89173 11.0597 8.91276 11.1577 8.91427C11.2558 8.91578 11.3526 8.89774 11.4425 8.8612C11.5324 8.82467 11.6135 8.77037 11.6812 8.70147C11.7488 8.63258 11.8017 8.55047 11.8366 8.45993C11.8716 8.36939 11.8879 8.27224 11.8847 8.17415L11.7723 0.861991C11.7692 0.666129 11.6885 0.477103 11.5479 0.336478C11.4073 0.195854 11.2182 0.115146 11.0224 0.112104Z\" fill=\"#FDFDFD\"><\/path><\/svg>        <\/span>\r\n            <\/a>\r\n            <\/div>\t\t<\/div>\n\t\t\t\t<\/div>\n\t\t            <\/div>\r\n        <\/div>\r\n                <div class=\"elementor-column elementor-col-33 elementor-top-column elementor-element elementor-element-6b1cffab col-offset-none pxl-column-element-default pxl-column-overflow-hidden-no\" data-id=\"6b1cffab\" data-element_type=\"column\">\r\n        <div class=\"elementor-widget-wrap elementor-element-populated\">\r\n                     \r\n        \t\t<div class=\"elementor-element elementor-element-44f2b181 elementor-widget elementor-widget-pxl_pricing\" data-id=\"44f2b181\" data-element_type=\"widget\" data-widget_type=\"pxl_pricing.default\">\n\t\t\t\t<div class=\"elementor-widget-container\">\n\t\t\t<div class=\"pxl-pricing pxl-pricing1 is-active  default\" data-wow-delay=\"ms\">\r\n    <h3 class=\"pxl-title\"><span>\u4e94\u4e95PRO<\/span><\/h3>\r\n    <div class=\"pxl-meta\">\r\n        <span class=\"pxl-after\">$5000 - $50.000<\/span>\r\n        <div class=\"pxl-price\">\r\n                            <span class=\"pxl-currency\">%<\/span>\r\n                        <span class=\"pxl-value\">5<\/span>\r\n            <span class=\"pxl-suffix\">\/\u6708<\/span>\r\n        <\/div>\r\n    <\/div>\r\n        <ul class=\"pxl-feature\">\r\n                    <div class=\"is-active\">\r\n                                \u514d\u6536\u5f00\u6237\u8d39                            <\/div>\r\n                    <div class=\"is-active\">\r\n                                \u53d6\u51b3\u4e8e\u4f60\u7684\u97f3\u91cf                            <\/div>\r\n                    <div class=\"is-active\">\r\n                                \u5b58\u6b3e 24\/7                            <\/div>\r\n                    <div class=\"is-active\">\r\n                                \u5411\u5e73\u53f0\u4e13\u5bb6\u83b7\u53d6\u6709\u5173\u8425\u9500\u6d3b\u52a8\u4f18\u5316\u548c\u54c1\u724c\u5b9a\u4f4d\u7684\u5efa\u8bae                            <\/div>\r\n            <\/ul>\r\n                    <a class=\"btn\" href=\"https:\/\/ads-fly.com\/zh\/lien-he\/\">\r\n            <span>\r\n                \u767b\u8bb0            <\/span>\r\n            <span class=\"button-arrow-hover\">\r\n                <svg xmlns=\"http:\/\/www.w3.org\/2000\/svg\" width=\"12\" height=\"12\" viewbox=\"0 0 12 12\" fill=\"none\"><path d=\"M11.0224 0.112104L3.7102 -0.000354929C3.51661 3.25587e-05 3.33325 0.0764821 3.19962 0.212529C3.06599 0.348576 2.99278 0.533334 2.99576 0.72701C2.99874 0.920687 3.07767 1.10778 3.21555 1.24801C3.35342 1.38823 3.53922 1.47036 3.73292 1.4767L9.26196 1.56174L0.218105 10.6056C0.0817139 10.742 0.00678252 10.9287 0.0097954 11.1246C0.0128083 11.3205 0.0935186 11.5095 0.234171 11.6502C0.374823 11.7908 0.563896 11.8715 0.759795 11.8746C0.955695 11.8776 1.14237 11.8026 1.27877 11.6663L10.3226 2.6224L10.4077 8.15144C10.4075 8.24947 10.4268 8.34717 10.4646 8.43883C10.5023 8.53048 10.5577 8.61426 10.6275 8.68527C10.6974 8.75628 10.7802 8.8131 10.8712 8.85242C10.9623 8.89173 11.0597 8.91276 11.1577 8.91427C11.2558 8.91578 11.3526 8.89774 11.4425 8.8612C11.5324 8.82467 11.6135 8.77037 11.6812 8.70147C11.7488 8.63258 11.8017 8.55047 11.8366 8.45993C11.8716 8.36939 11.8879 8.27224 11.8847 8.17415L11.7723 0.861991C11.7692 0.666129 11.6885 0.477103 11.5479 0.336478C11.4073 0.195854 11.2182 0.115146 11.0224 0.112104Z\" fill=\"#FDFDFD\"><\/path><\/svg>            <svg xmlns=\"http:\/\/www.w3.org\/2000\/svg\" width=\"12\" height=\"12\" viewbox=\"0 0 12 12\" fill=\"none\"><path d=\"M11.0224 0.112104L3.7102 -0.000354929C3.51661 3.25587e-05 3.33325 0.0764821 3.19962 0.212529C3.06599 0.348576 2.99278 0.533334 2.99576 0.72701C2.99874 0.920687 3.07767 1.10778 3.21555 1.24801C3.35342 1.38823 3.53922 1.47036 3.73292 1.4767L9.26196 1.56174L0.218105 10.6056C0.0817139 10.742 0.00678252 10.9287 0.0097954 11.1246C0.0128083 11.3205 0.0935186 11.5095 0.234171 11.6502C0.374823 11.7908 0.563896 11.8715 0.759795 11.8746C0.955695 11.8776 1.14237 11.8026 1.27877 11.6663L10.3226 2.6224L10.4077 8.15144C10.4075 8.24947 10.4268 8.34717 10.4646 8.43883C10.5023 8.53048 10.5577 8.61426 10.6275 8.68527C10.6974 8.75628 10.7802 8.8131 10.8712 8.85242C10.9623 8.89173 11.0597 8.91276 11.1577 8.91427C11.2558 8.91578 11.3526 8.89774 11.4425 8.8612C11.5324 8.82467 11.6135 8.77037 11.6812 8.70147C11.7488 8.63258 11.8017 8.55047 11.8366 8.45993C11.8716 8.36939 11.8879 8.27224 11.8847 8.17415L11.7723 0.861991C11.7692 0.666129 11.6885 0.477103 11.5479 0.336478C11.4073 0.195854 11.2182 0.115146 11.0224 0.112104Z\" fill=\"#FDFDFD\"><\/path><\/svg>        <\/span>\r\n            <\/a>\r\n            <\/div>\t\t<\/div>\n\t\t\t\t<\/div>\n\t\t            <\/div>\r\n        <\/div>\r\n                <div class=\"elementor-column elementor-col-33 elementor-top-column elementor-element elementor-element-372662f5 col-offset-none pxl-column-element-default pxl-column-overflow-hidden-no\" data-id=\"372662f5\" data-element_type=\"column\">\r\n        <div class=\"elementor-widget-wrap elementor-element-populated\">\r\n                     \r\n        \t\t<div class=\"elementor-element elementor-element-5c88e511 elementor-widget elementor-widget-pxl_pricing\" data-id=\"5c88e511\" data-element_type=\"widget\" data-widget_type=\"pxl_pricing.default\">\n\t\t\t\t<div class=\"elementor-widget-container\">\n\t\t\t<div class=\"pxl-pricing pxl-pricing1 no-active  default\" data-wow-delay=\"ms\">\r\n    <h3 class=\"pxl-title\"><span>\u4e94\u4e95\u9ad8\u7ea7<\/span><\/h3>\r\n    <div class=\"pxl-meta\">\r\n        <span class=\"pxl-after\">$50.000 - Nolimit<\/span>\r\n        <div class=\"pxl-price\">\r\n                            <span class=\"pxl-currency\">%<\/span>\r\n                        <span class=\"pxl-value\">3.5<\/span>\r\n            <span class=\"pxl-suffix\">\/\u6708<\/span>\r\n        <\/div>\r\n    <\/div>\r\n        <ul class=\"pxl-feature\">\r\n                    <div class=\"is-active\">\r\n                                \u514d\u6536\u5f00\u6237\u8d39                            <\/div>\r\n                    <div class=\"is-active\">\r\n                                \u53d6\u51b3\u4e8e\u4f60\u7684\u97f3\u91cf                            <\/div>\r\n                    <div class=\"is-active\">\r\n                                \u5b58\u6b3e 24\/7                            <\/div>\r\n                    <div class=\"is-active\">\r\n                                \u5411\u5e73\u53f0\u4e13\u5bb6\u83b7\u53d6\u6709\u5173\u8425\u9500\u6d3b\u52a8\u4f18\u5316\u548c\u54c1\u724c\u5b9a\u4f4d\u7684\u5efa\u8bae                            <\/div>\r\n            <\/ul>\r\n                    <a class=\"btn\" href=\"https:\/\/ads-fly.com\/zh\/lien-he\/\">\r\n            <span>\r\n                \u767b\u8bb0            <\/span>\r\n            <span class=\"button-arrow-hover\">\r\n                <svg xmlns=\"http:\/\/www.w3.org\/2000\/svg\" width=\"12\" height=\"12\" viewbox=\"0 0 12 12\" fill=\"none\"><path d=\"M11.0224 0.112104L3.7102 -0.000354929C3.51661 3.25587e-05 3.33325 0.0764821 3.19962 0.212529C3.06599 0.348576 2.99278 0.533334 2.99576 0.72701C2.99874 0.920687 3.07767 1.10778 3.21555 1.24801C3.35342 1.38823 3.53922 1.47036 3.73292 1.4767L9.26196 1.56174L0.218105 10.6056C0.0817139 10.742 0.00678252 10.9287 0.0097954 11.1246C0.0128083 11.3205 0.0935186 11.5095 0.234171 11.6502C0.374823 11.7908 0.563896 11.8715 0.759795 11.8746C0.955695 11.8776 1.14237 11.8026 1.27877 11.6663L10.3226 2.6224L10.4077 8.15144C10.4075 8.24947 10.4268 8.34717 10.4646 8.43883C10.5023 8.53048 10.5577 8.61426 10.6275 8.68527C10.6974 8.75628 10.7802 8.8131 10.8712 8.85242C10.9623 8.89173 11.0597 8.91276 11.1577 8.91427C11.2558 8.91578 11.3526 8.89774 11.4425 8.8612C11.5324 8.82467 11.6135 8.77037 11.6812 8.70147C11.7488 8.63258 11.8017 8.55047 11.8366 8.45993C11.8716 8.36939 11.8879 8.27224 11.8847 8.17415L11.7723 0.861991C11.7692 0.666129 11.6885 0.477103 11.5479 0.336478C11.4073 0.195854 11.2182 0.115146 11.0224 0.112104Z\" fill=\"#FDFDFD\"><\/path><\/svg>            <svg xmlns=\"http:\/\/www.w3.org\/2000\/svg\" width=\"12\" height=\"12\" viewbox=\"0 0 12 12\" fill=\"none\"><path d=\"M11.0224 0.112104L3.7102 -0.000354929C3.51661 3.25587e-05 3.33325 0.0764821 3.19962 0.212529C3.06599 0.348576 2.99278 0.533334 2.99576 0.72701C2.99874 0.920687 3.07767 1.10778 3.21555 1.24801C3.35342 1.38823 3.53922 1.47036 3.73292 1.4767L9.26196 1.56174L0.218105 10.6056C0.0817139 10.742 0.00678252 10.9287 0.0097954 11.1246C0.0128083 11.3205 0.0935186 11.5095 0.234171 11.6502C0.374823 11.7908 0.563896 11.8715 0.759795 11.8746C0.955695 11.8776 1.14237 11.8026 1.27877 11.6663L10.3226 2.6224L10.4077 8.15144C10.4075 8.24947 10.4268 8.34717 10.4646 8.43883C10.5023 8.53048 10.5577 8.61426 10.6275 8.68527C10.6974 8.75628 10.7802 8.8131 10.8712 8.85242C10.9623 8.89173 11.0597 8.91276 11.1577 8.91427C11.2558 8.91578 11.3526 8.89774 11.4425 8.8612C11.5324 8.82467 11.6135 8.77037 11.6812 8.70147C11.7488 8.63258 11.8017 8.55047 11.8366 8.45993C11.8716 8.36939 11.8879 8.27224 11.8847 8.17415L11.7723 0.861991C11.7692 0.666129 11.6885 0.477103 11.5479 0.336478C11.4073 0.195854 11.2182 0.115146 11.0224 0.112104Z\" fill=\"#FDFDFD\"><\/path><\/svg>        <\/span>\r\n            <\/a>\r\n            <\/div>\t\t<\/div>\n\t\t\t\t<\/div>\n\t\t            <\/div>\r\n        <\/div>\r\n        \t\t\t<\/div>\n\t\t<\/section>\n\t\t\t\t<\/div>","protected":false},"excerpt":{"rendered":"<p>G\u00f3i STARTUP &lt;$5.000 $ 100 \/month 0 \u0111 ph\u00ed m\u1edf t\u00e0i kho\u1ea3n &nbsp; T\u00f9y thu\u1ed9c v\u00e0o volume c\u1ee7a b\u1ea1n &nbsp; N\u1ea1p ti\u1ec1n 24\/7 &nbsp; \u0110\u01b0\u1ee3c chuy\u00ean gia n\u1ec1n t\u1ea3ng t\u01b0 v\u1ea5n t\u1ed1i \u01b0u chi\u1ebfn d\u1ecbch, \u0111\u1ecbnh h\u01b0\u1edbng th\u01b0\u01a1ng hi\u1ec7u &nbsp; T\u00e0i kho\u1ea3n giao kh\u00f4ng d\u00ednh VAT \u0110\u0103ng K\u00fd G\u00f3i PRO $5000 &#8211; $50.000 % 5 [&hellip;]<\/p>","protected":false},"author":1,"featured_media":0,"parent":0,"menu_order":0,"comment_status":"closed","ping_status":"closed","template":"","meta":{"footnotes":""},"class_list":["post-461","page","type-page","status-publish","hentry"],"_links":{"self":[{"href":"https:\/\/ads-fly.com\/zh\/wp-json\/wp\/v2\/pages\/461","targetHints":{"allow":["GET"]}}],"collection":[{"href":"https:\/\/ads-fly.com\/zh\/wp-json\/wp\/v2\/pages"}],"about":[{"href":"https:\/\/ads-fly.com\/zh\/wp-json\/wp\/v2\/types\/page"}],"author":[{"embeddable":true,"href":"https:\/\/ads-fly.com\/zh\/wp-json\/wp\/v2\/users\/1"}],"replies":[{"embeddable":true,"href":"https:\/\/ads-fly.com\/zh\/wp-json\/wp\/v2\/comments?post=461"}],"version-history":[{"count":36,"href":"https:\/\/ads-fly.com\/zh\/wp-json\/wp\/v2\/pages\/461\/revisions"}],"predecessor-version":[{"id":20249,"href":"https:\/\/ads-fly.com\/zh\/wp-json\/wp\/v2\/pages\/461\/revisions\/20249"}],"wp:attachment":[{"href":"https:\/\/ads-fly.com\/zh\/wp-json\/wp\/v2\/media?parent=461"}],"curies":[{"name":"wp","href":"https:\/\/api.w.org\/{rel}","templated":true}]}}