{"id":324,"date":"2023-06-13T13:38:16","date_gmt":"2023-06-13T13:38:16","guid":{"rendered":"https:\/\/demo.bravisthemes.com\/digicove\/?page_id=324"},"modified":"2024-09-10T13:27:21","modified_gmt":"2024-09-10T13:27:21","slug":"frequently-asked-questions","status":"publish","type":"page","link":"https:\/\/ads-fly.com\/zh\/frequently-asked-questions\/","title":{"rendered":"\u5e38\u89c1\u95ee\u9898\u89e3\u7b54"},"content":{"rendered":"<div data-elementor-type=\"wp-page\" data-elementor-id=\"324\" class=\"elementor elementor-324\" data-elementor-post-type=\"page\">\n\t\t\t\t        <section class=\"elementor-section elementor-top-section elementor-element elementor-element-e5e9602 elementor-section-stretched elementor-section-boxed elementor-section-height-default elementor-section-height-default pxl-section-overflow-hidden-no\" data-id=\"e5e9602\" data-element_type=\"section\" data-settings=\"{&quot;stretch_section&quot;:&quot;section-stretched&quot;,&quot;background_background&quot;:&quot;classic&quot;}\">\n\n                \n                <div class=\"elementor-container elementor-column-gap-extended\">\n                <div class=\"elementor-column elementor-col-100 elementor-top-column elementor-element elementor-element-e2da256 col-offset-none pxl-column-element-default pxl-column-overflow-hidden-no\" data-id=\"e2da256\" data-element_type=\"column\">\r\n        <div class=\"elementor-widget-wrap elementor-element-populated\">\r\n                     \r\n        \t\t<div class=\"elementor-element elementor-element-784171b elementor-widget elementor-widget-pxl_heading\" data-id=\"784171b\" data-element_type=\"widget\" data-widget_type=\"pxl_heading.default\">\n\t\t\t\t<div class=\"elementor-widget-container\">\n\t\t\t<div class=\"pxl-heading\">\n    <div class=\"pxl-heading--inner\">\n                    <div class=\"pxl-item--subtitle\">\n                <span>FAQ<\/span>\n            <\/div>\n                <h2 class=\"pxl-item--title divider-none\">\n        \u5e38\u89c1\u95ee\u9898\u89e3\u7b54                <\/h2>\n                    <\/div>\n<\/div>\n\n\t\t<\/div>\n\t\t\t\t<\/div>\n\t\t\t\t<div class=\"elementor-element elementor-element-e68a914 elementor-widget elementor-widget-pxl_accordion\" data-id=\"e68a914\" data-element_type=\"widget\" data-widget_type=\"pxl_accordion.default\">\n\t\t\t\t<div class=\"elementor-widget-container\">\n\t\t\t    <div class=\"pxl-accordion pxl-accordion1 style1\" data-wow-delay=\"ms\">\r\n                    <div class=\"pxl--item active\">\r\n                <h3 class=\"pxl-item-accordion\" data-target=\"#pxl-accordion-e54bed9pxl_accordion-e68a914-7723\">\r\n                <i class=\"fa fa-angle-down\"><\/i>\r\n                                                <span>\u6211\u53ef\u4ee5\u4e3a\u54ea\u4e9b\u7f51\u7ad9\u548c\u9875\u9762\u6295\u653e\u5e7f\u544a\uff1f<\/span>\r\n                \r\n                <\/h3>\r\n                <div id=\"pxl-accordion-e54bed9pxl_accordion-e68a914-7723\" class=\"pxl-item--content\" style=\"display: block;\">\u53ea\u6709\u7ecf\u8fc7\u6279\u51c6\u548c\u6ce8\u518c\u7684\u57df\u540d\u3001\u7f51\u7ad9\u3001\u767b\u9646\u9875\u9762\u548c\u9875\u9762\u624d\u80fd\u6295\u653e\u5e7f\u544a\u3002\u4e4b\u540e\uff0c\u60a8\u53ef\u4ee5\u6ce8\u518c\u65b0\u7684\u7f51\u7ad9\u548c\u9875\u9762\u3002<br \/>\n<\/div>\r\n            <\/div>\r\n                    <div class=\"pxl--item\">\r\n                <h3 class=\"pxl-item-accordion\" data-target=\"#pxl-accordion-ae6c995pxl_accordion-e68a914-7723\">\r\n                <i class=\"fa fa-angle-down\"><\/i>\r\n                                                <span>\u8fd9\u662f\u4ec0\u4e48\u7c7b\u578b\u7684\u8d26\u6237\uff1f<\/span>\r\n                \r\n                <\/h3>\r\n                <div id=\"pxl-accordion-ae6c995pxl_accordion-e68a914-7723\" class=\"pxl-item--content\" >\u8fd9\u662f Facebook \u5411\u4ee3\u7406\u673a\u6784\u5f00\u5177\u7684\u53d1\u7968\u3002\u6b64\u7c7b\u5e10\u6237\u4e0d\u4f7f\u7528\u94f6\u884c\u5361\u3002<br \/>\n<\/div>\r\n            <\/div>\r\n                    <div class=\"pxl--item\">\r\n                <h3 class=\"pxl-item-accordion\" data-target=\"#pxl-accordion-e5e6555pxl_accordion-e68a914-7723\">\r\n                <i class=\"fa fa-angle-down\"><\/i>\r\n                                                <span>\u4e3a\u4ec0\u4e48\u8981\u5b58200\u7f8e\u5143\uff1f<\/span>\r\n                \r\n                <\/h3>\r\n                <div id=\"pxl-accordion-e5e6555pxl_accordion-e68a914-7723\" class=\"pxl-item--content\" >\u8fd9\u662f\u4e3a\u4e86\u786e\u4fdd\u5728\u8fd0\u884c\u8fc7\u7a0b\u4e2d\u5ba2\u6237\u9075\u5b88 AdsFlyAgency \u7684\u89c4\u5b9a\u4ee5\u53ca Facebook \u7684\u653f\u7b56\u7684\u91d1\u989d\u3002\u8be5\u91d1\u989d\u5c06\u5728\u5408\u540c\u7ed3\u675f\u540e\u7acb\u5373\u9000\u8fd8\u3002\u5982\u679c\u5ba2\u6237\u6545\u610f\u8fdd\u89c4\uff0c\u5e7f\u544a\u5e10\u6237\u5c06\u88ab\u7981\u7528\u3002 AdsFlyAgency\u5c06\u652f\u6301\u62b5\u5236\uff0c\u5426\u5219\u5c06\u6263\u9664\u62bc\u91d1<br \/>\n<\/div>\r\n            <\/div>\r\n                    <div class=\"pxl--item\">\r\n                <h3 class=\"pxl-item-accordion\" data-target=\"#pxl-accordion-6142a77pxl_accordion-e68a914-7723\">\r\n                <i class=\"fa fa-angle-down\"><\/i>\r\n                                                <span>100\u7f8e\u5143\u7684\u5f00\u6237\u8d39\u662f\u5982\u4f55\u8ba1\u7b97\u7684\uff1f<\/span>\r\n                \r\n                <\/h3>\r\n                <div id=\"pxl-accordion-6142a77pxl_accordion-e68a914-7723\" class=\"pxl-item--content\" >\u8fd9\u662f\u5f00\u8bbe\u65b0\u8d26\u6237\u65f6\u7684\u5f3a\u5236\u6027\u8d39\u7528\u3002\u5408\u540c\u7ec8\u6b62\u540e\uff0c\u8be5\u8d39\u7528\u5c06\u4e0d\u4e88\u9000\u8fd8\u3002<br \/>\n<\/div>\r\n            <\/div>\r\n                    <div class=\"pxl--item\">\r\n                <h3 class=\"pxl-item-accordion\" data-target=\"#pxl-accordion-140dec1pxl_accordion-e68a914-7723\">\r\n                <i class=\"fa fa-angle-down\"><\/i>\r\n                                                <span>\u5982\u679c\u4e0d\u662f\u56e0\u4e3a\u8fdd\u53cd\u653f\u7b56\u5bfc\u81f4\u8d26\u6237\u6b7b\u4ea1\uff0c\u5982\u4f55\u5904\u7406\uff1f<\/span>\r\n                \r\n                <\/h3>\r\n                <div id=\"pxl-accordion-140dec1pxl_accordion-e68a914-7723\" class=\"pxl-item--content\" >\u5982\u679c\u8d26\u6237\u6b7b\u4ea1\u4e0d\u662f\u56e0\u4e3a\u8fdd\u53cd\u653f\u7b56\uff0c\u4e5f\u4e0d\u662f\u56e0\u4e3a\u5ba2\u6237\u7684\u8fc7\u9519\uff0cAds Fly\u5c06\u9996\u5148\u5bf9\u8be5\u8d26\u6237\u63d0\u51fa\u7533\u8bc9\uff0c\u5426\u5219\u5c06\u5f00\u7acb\u4e00\u4e2a\u65b0\u8d26\u6237\uff0c\u5e76\u5c06\u65e7\u8d26\u6237\u7684\u5168\u90e8\u91d1\u989d\u8f6c\u79fb\u5230\u65b0\u8d26\u6237\u3002\u5ba2\u6237\u65e0\u9700\u652f\u4ed8\u4efb\u4f55\u8d39\u7528<br \/>\n<\/div>\r\n            <\/div>\r\n                    <div class=\"pxl--item\">\r\n                <h3 class=\"pxl-item-accordion\" data-target=\"#pxl-accordion-4985d27pxl_accordion-e68a914-7723\">\r\n                <i class=\"fa fa-angle-down\"><\/i>\r\n                                                <span>\u7f8e\u5143\u6c47\u7387\u662f\u591a\u5c11\uff1f<\/span>\r\n                \r\n                <\/h3>\r\n                <div id=\"pxl-accordion-4985d27pxl_accordion-e68a914-7723\" class=\"pxl-item--content\" >\u4f1a\u6ce2\u52a8\u00b12%\u5de6\u53f3<br \/>\n<\/div>\r\n            <\/div>\r\n                    <div class=\"pxl--item\">\r\n                <h3 class=\"pxl-item-accordion\" data-target=\"#pxl-accordion-691a0e6pxl_accordion-e68a914-7723\">\r\n                <i class=\"fa fa-angle-down\"><\/i>\r\n                                                <span>\u4e3a 1 \u4e2a\u8d26\u6237\u6216 5 \u4e2a\u8d26\u6237\u5b58\u5165 200 \u7f8e\u5143\uff1f<\/span>\r\n                \r\n                <\/h3>\r\n                <div id=\"pxl-accordion-691a0e6pxl_accordion-e68a914-7723\" class=\"pxl-item--content\" >\u6bcf\u4e2a\u5f00\u6237\u5b58\u6b3e\u91d1\u989d\u4e3a200\u7f8e\u5143\uff0c\u5f00\u8bbe1\u4e2a\u8d26\u6237\u62163\u4e2a\u8d26\u6237\u62165\u4e2a\u8d26\u6237\u7684\u5ba2\u6237\u5c06\u5b58\u5165500\u7f8e\u5143\u3002<\/div>\r\n            <\/div>\r\n            <\/div>\r\n    \t\t<\/div>\n\t\t\t\t<\/div>\n\t\t            <\/div>\r\n        <\/div>\r\n        \t\t\t<\/div>\n\t\t<\/section>\n\t\t\t\t<\/div>","protected":false},"excerpt":{"rendered":"<p>FAQ Frequently Asked Questions C\u00f3 th\u1ec3 ch\u1ea1y Ad cho website v\u00e0 trang n\u00e0o? Ch\u1ec9 c\u00e1c t\u00ean mi\u1ec1n, web, trang \u0111\u00edch, c\u00e1c trang \u0111\u00e3 \u0111\u01b0\u1ee3c ph\u00ea duy\u1ec7t v\u00e0 \u0111\u0103ng k\u00fd m\u1edbi c\u00f3 th\u1ec3 ch\u1ea1y qu\u1ea3ng c\u00e1o. Sau n\u00e0y, b\u1ea1n c\u00f3 th\u1ec3 \u0111\u0103ng k\u00fd c\u00e1c trang web v\u00e0 trang m\u1edbi. \u0110\u00e2y l\u00e0 lo\u1ea1i t\u00e0i kho\u1ea3n g\u00ec? \u0110\u00e2y [&hellip;]<\/p>","protected":false},"author":1,"featured_media":0,"parent":0,"menu_order":0,"comment_status":"closed","ping_status":"closed","template":"","meta":{"footnotes":""},"class_list":["post-324","page","type-page","status-publish","hentry"],"_links":{"self":[{"href":"https:\/\/ads-fly.com\/zh\/wp-json\/wp\/v2\/pages\/324","targetHints":{"allow":["GET"]}}],"collection":[{"href":"https:\/\/ads-fly.com\/zh\/wp-json\/wp\/v2\/pages"}],"about":[{"href":"https:\/\/ads-fly.com\/zh\/wp-json\/wp\/v2\/types\/page"}],"author":[{"embeddable":true,"href":"https:\/\/ads-fly.com\/zh\/wp-json\/wp\/v2\/users\/1"}],"replies":[{"embeddable":true,"href":"https:\/\/ads-fly.com\/zh\/wp-json\/wp\/v2\/comments?post=324"}],"version-history":[{"count":4,"href":"https:\/\/ads-fly.com\/zh\/wp-json\/wp\/v2\/pages\/324\/revisions"}],"predecessor-version":[{"id":20022,"href":"https:\/\/ads-fly.com\/zh\/wp-json\/wp\/v2\/pages\/324\/revisions\/20022"}],"wp:attachment":[{"href":"https:\/\/ads-fly.com\/zh\/wp-json\/wp\/v2\/media?parent=324"}],"curies":[{"name":"wp","href":"https:\/\/api.w.org\/{rel}","templated":true}]}}