{"id":19858,"date":"2024-09-05T16:40:06","date_gmt":"2024-09-05T16:40:06","guid":{"rendered":"https:\/\/ads-fly.com\/?page_id=19858"},"modified":"2024-10-21T23:19:16","modified_gmt":"2024-10-21T23:19:16","slug":"terms","status":"publish","type":"page","link":"https:\/\/ads-fly.com\/zh\/terms\/","title":{"rendered":"\u4f7f\u7528\u6761\u6b3e"},"content":{"rendered":"<div data-elementor-type=\"wp-page\" data-elementor-id=\"19858\" class=\"elementor elementor-19858\" data-elementor-post-type=\"page\">\n\t\t\t\t        <section class=\"elementor-section elementor-top-section elementor-element elementor-element-e3d537f elementor-section-stretched elementor-section-boxed elementor-section-height-default elementor-section-height-default pxl-section-overflow-hidden-no\" data-id=\"e3d537f\" data-element_type=\"section\" data-settings=\"{&quot;stretch_section&quot;:&quot;section-stretched&quot;}\">\n\n                \n                <div class=\"elementor-container elementor-column-gap-extended\">\n                <div class=\"elementor-column elementor-col-100 elementor-top-column elementor-element elementor-element-597a822 col-offset-none pxl-column-element-default pxl-column-overflow-hidden-no\" data-id=\"597a822\" data-element_type=\"column\">\r\n        <div class=\"elementor-widget-wrap elementor-element-populated\">\r\n                     \r\n        \t\t<div class=\"elementor-element elementor-element-960cb45 elementor-widget elementor-widget-pxl_heading\" data-id=\"960cb45\" data-element_type=\"widget\" data-widget_type=\"pxl_heading.default\">\n\t\t\t\t<div class=\"elementor-widget-container\">\n\t\t\t<div class=\"pxl-heading\">\n    <div class=\"pxl-heading--inner\">\n                    <div class=\"pxl-item--subtitle wow fadeInUp\">\n                <span>\u4f7f\u7528\u6761\u6b3e<br \/>\n<\/span>\n            <\/div>\n                <h3 class=\"pxl-item--title divider-none wow fadeInUp\">\n        \u4f7f\u7528\u6761\u6b3e\n                <\/h3>\n                    <\/div>\n<\/div>\n\n\t\t<\/div>\n\t\t\t\t<\/div>\n\t\t\t\t<div class=\"elementor-element elementor-element-90d5d9c elementor-widget elementor-widget-text-editor\" data-id=\"90d5d9c\" data-element_type=\"widget\" data-widget_type=\"text-editor.default\">\n\t\t\t\t<div class=\"elementor-widget-container\">\n\t\t\t<style>\/*! elementor - v3.23.0 - 05-08-2024 *\/\n.elementor-widget-text-editor.elementor-drop-cap-view-stacked .elementor-drop-cap{background-color:#69727d;color:#fff}.elementor-widget-text-editor.elementor-drop-cap-view-framed .elementor-drop-cap{color:#69727d;border:3px solid;background-color:transparent}.elementor-widget-text-editor:not(.elementor-drop-cap-view-default) .elementor-drop-cap{margin-top:8px}.elementor-widget-text-editor:not(.elementor-drop-cap-view-default) .elementor-drop-cap-letter{width:1em;height:1em}.elementor-widget-text-editor .elementor-drop-cap{float:left;text-align:center;line-height:1;font-size:50px}.elementor-widget-text-editor .elementor-drop-cap-letter{display:inline-block}<\/style>\t\t\t\t<p>\u7b2c 1 \u6761\uff1a\u5b9a\u4e49\u548c\u670d\u52a1<br \/>1.1 \u5b9a\u4e49<br \/>\u2013 \u5e7f\u544a\u8d26\u53f7\uff1a\u662f\u4e59\u65b9\u5411\u7532\u65b9\u63d0\u4f9b\u7684Facebook\u5e7f\u544a\u8d26\u53f7\u3002<br \/>\u2013 \u5e7f\u544a\u9884\u7b97\uff1a\u7532\u65b9\u8f6c\u7ed9\u4e59\u65b9\u4ec5\u7528\u4e8e\u6295\u653e\u5e7f\u544a\u7684\u91d1\u989d<br \/>\u2013 \u670d\u52a1\uff1a\u4e59\u65b9\u5411\u7532\u65b9\u63d0\u4f9b\u7684\u3001\u672c\u5408\u540c\u7b2c1.2\u6761\u6240\u5217\u7684\u670d\u52a1<br \/>\u2013 \u670d\u52a1\u8d39\uff1a\u7532\u65b9\u4e3a\u4f7f\u7528\u672c\u5408\u540c\u7b2c1.2\u70b9\u6240\u8ff0\u670d\u52a1\u800c\u9700\u8981\u5411\u4e59\u65b9\u652f\u4ed8\u7684\u8d39\u7528\u3002\u6309\u5e7f\u544a\u9884\u7b97\u7684\u767e\u5206\u6bd4\u8ba1\u7b97\u3002<br \/>\u2013 \u4fdd\u8bc1\u91d1\uff1a\u662f\u6307\u7532\u65b9\u5fc5\u987b\u8f6c\u5165\u4e59\u65b9\u6307\u5b9a\u8d26\u6237\u7684\u91d1\u989d\uff0c\u4ee5\u4fdd\u8bc1\u5408\u540c\u627f\u8bfa\u7684\u5c65\u884c\u3002\u4e59\u65b9\u6709\u6743\u4f7f\u7528\u4fdd\u8bc1\u91d1\u652f\u4ed8\u503a\u52a1\/\u7f5a\u91d1\u548c\u5176\u4ed6\u4ea7\u751f\u7684\u8d39\u7528\uff08\u5982\u6709\uff09\u3002\u5408\u540c\u671f\u6ee1\uff0c\u5269\u4f59\u62bc\u91d1\u5c06\u9000\u8fd8\u7ed9\u7532\u65b9\u3002<\/p><p>1.2 \u670d\u52a1<br \/>\u2013 \u4e59\u65b9\u901a\u8fc7\u4e59\u65b9\u51c6\u5907\u7684BM\u4e3a\u7532\u65b9\u63d0\u4f9b\u5e7f\u544a\u8d26\u6237\u3002\u7532\u65b9\u5c06\u4e0eBM\u5171\u4eab\u5e7f\u544a\u6295\u653e\u8d44\u6e90\uff0c\u5e76\u5171\u4eab\u5458\u5de5\u52a0\u5165BM\u7684\u6743\u5229\uff0c\u4f7f\u7528\u5e7f\u544a\u8d26\u53f7\u5f00\u5c55\u5e7f\u544a\u6d3b\u52a8\u3002<br \/>\u2013 \u534f\u52a9\u5904\u7406\u4e59\u65b9\u8d23\u4efb\u8303\u56f4\u5185\u51fa\u73b0\u7684\u60c5\u51b5\u3002<br \/>\u7532\u65b9\u77e5\u6653\u9700\u8981\u8ba4\u5b9a\u7684\u95ee\u9898\u4ee5\u53ca\u7532\u65b9\u7684\u8fdd\u89c4\u884c\u4e3a\u3002<br \/>\u2013 \u5f53\u5e7f\u544a\u8d26\u6237\u88ab\u9501\u5b9a\u65f6\uff0c\u4e59\u65b9\u652f\u6301\u5411Facebook\u53cd\u6620\u5e76\u62a5\u544a\u5e7f\u544a\u8d26\u6237\u7684\u72b6\u6001\u3002<br \/>\u7b2c 2 \u6761\uff1a\u670d\u52a1\u6761\u4ef6<br \/>2.1 A\u9762<br \/>\u2013 \u7532\u65b9\u786e\u4fdd\u9075\u5b88 Facebook \u7684\u73b0\u884c\u89c4\u5b9a (https:\/\/www.facebook.com\/policies\/ads\/)\u3002<br \/>\u2013 \u5f53\u6536\u5230\u4e0e\u4e59\u65b9\u8d26\u6237\u4f7f\u7528\u76f8\u5173\u7684\u8fdd\u89c4\u8b66\u544a\u65f6\u8fdb\u884c\u8c03\u6574\u3002<br \/>\u2013 \u7532\u65b9\u540c\u610f\uff0c\u5e7f\u544a\u53ca\u7532\u65b9\u76f8\u5173\u5a92\u4f53\u4e0a\u7684\u5185\u5bb9\u5fc5\u987b\u7ecf\u8fc7\u4e59\u65b9\u540c\u610f\u540e\u65b9\u53ef\u53d1\u5e03\u3002<br \/>\u2013 \u5bf9\u672c\u5408\u540c\u7684\u5185\u5bb9\u4fdd\u5bc6\uff0c\u672a\u7ecf\u4e59\u65b9\u540c\u610f\uff0c\u4e0d\u5f97\u5411\u4efb\u4f55\u7b2c\u4e09\u65b9\u900f\u9732\uff0c\u9664\u975e\u56fd\u5bb6\u4e3b\u7ba1\u673a\u6784\u8981\u6c42\u3002<\/p><p class=\" translation-block\">2.2 \u514d\u8d23\u58f0\u660e<br>-\u4e59\u65b9\u627f\u8bfa\u4e0d\u4f1a\u5c06\u5e10\u6237\u4fe1\u606f\u7528\u4e8e\u652f\u6301\u7532\u65b9\u4ee5\u5916\u7684\u76ee\u7684\u3002<br>-\u4e59\u65b9\u627f\u8bfa\u5c0a\u91cd\u5e10\u6237\u5e7f\u544a\u5e10\u6237\u7684\u9690\u79c1\u3002<br>-\u4e59\u65b9\u6709\u6743\u8bbf\u95ee\u548c\u67e5\u770b\u7532\u65b9\u7684\u5e7f\u544a\u8d26\u6237\uff0c\u68c0\u67e5\u5185\u5bb9\u5e76\u505c\u6b62\u7532\u65b9\u7684\u65e0\u6548\u5e7f\u544a\u6d3b\u52a8\u3002<br>\u7b2c\u4e09\u6761\uff1a\u7532\u65b9\u7684\u6743\u5229\u548c\u4e49\u52a1<br>3.1 \u7532\u65b9<br>\u2014\u2014\u7532\u65b9\u6709\u6743\u63d0\u4f9b\u548c\u4f7f\u7528\u672c\u5408\u540c\u7b2c1.2\u6761\u89c4\u5b9a\u7684\u670d\u52a1\u3002<br>--\u7532\u65b9\u8d1f\u8d23\u6309\u65f6\u652f\u4ed8\u5b9a\u91d1+\u94f6\u884c\u8bf4\u660e\u4e66+\u670d\u52a1\u8d39\uff0c\u8f6c\u5165\u4e59\u65b9\u8d26\u6237\u3002<br>--\u8d1f\u8d23\u5728\u9a8c\u6536\u65f6\u7b7e\u7f72\u5e76\u63a5\u53d7\u9a8c\u6536\u8bb0\u5f55\u4e59\u65b9\u5c65\u884c\u672c\u5408\u540c\u7b2c1.2\u6761\u89c4\u5b9a\u7684\u5c65\u7ea6\u4e49\u52a1\u3002<br>-\u5bf9\u5176\u5e7f\u544a\u5185\u5bb9\u7684\u771f\u5b9e\u6027\u8d1f\u8d23\uff0c\u5e76\u4eb2\u81ea\u89e3\u51b3\u4e0e\u7b2c\u4e09\u65b9\u6709\u5173\u4fe1\u606f\u5185\u5bb9\u7684\u4e89\u8bae\u3002<br>-\u9075\u5b88\u6709\u5173\u6cd5\u5f8b\u7684\u89c4\u5b9a\u3002\u6839\u636e\u8d8a\u5357\u6cd5\u5f8b\u89c4\u5b9a\u7684\u77e5\u8bc6\u4ea7\u6743\u3001\u5de5\u4e1a\u4ea7\u6743\u3001\u7248\u6743\u6240\u6709\u6743\u3002<br>3.2\u514d\u8d23\u58f0\u660e<br>-\u4e3a\u7532\u65b9\u63d0\u4f9b\u5168\u9762\u7684\u652f\u6301\u5de5\u5177\u548c\u670d\u52a1\u652f\u6301\u3002<br>\u4e59\u65b9\u672a\u507f\u503a\u52a1\u7684\u8425\u4e1a\u65f6\u95f4\u548c\u4ed8\u6b3e\u548c\u4ea4\u6613\u8bb0\u5f55\u4ece\u6bcf\u5929\u4e0a\u5348 8:30 \u5230\u4e0b\u5348 5:00 \u8d8a\u5357\u65f6\u95f4 (GMT) + 7)\u3002\u89c4\u5b9a\u65f6\u95f4\u5916\u7684\u4ea4\u6613\u5c06\u8f6c\u81f3\u4e0b\u4e00\u4e2a\u5de5\u4f5c\u65e5\u3002<br>- \u82e5\u56e0\u7532\u65b9\u8fdd\u89c4\u5bfc\u81f4\u5e7f\u544a\u8d26\u6237\u88ab\u9501\u5b9a\uff0c\u4e59\u65b9\u5c06\u5728\u5e7f\u544a\u8d26\u6237\u9501\u5b9a\u671f\u200b\u200b\u95f4\u5269\u4f59\u7684\u5e7f\u544a\u9884\u7b97\u7528\u4e8e\u65b0\u53d1\u5e03\u7684\u5e7f\u544a\u8d26\u6237\u3002 <br>\u2013 \u5728\u4e59\u65b9\u804c\u8d23\u548c\u6743\u9650\u8303\u56f4\u5185\uff0c\u8fc5\u901f\u89e3\u51b3\u7532\u65b9\u5bf9\u670d\u52a1\u8d28\u91cf\u7684\u6295\u8bc9\u3002<br>\u2013 \u4e59\u65b9\u5bf9\u7532\u65b9\u90e8\u7f72\u7684\u5e7f\u544a\u53ca\u76f8\u5173\u5a92\u4f53\u4e0a\u51fa\u73b0\u7684\u4efb\u4f55\u5185\u5bb9\u4e0d\u627f\u62c5\u4efb\u4f55\u8d23\u4efb\u3002<br>\u7b2c\u56db\u6761\uff1a\u5408\u540c\u671f\u9650-\u5408\u540c\u7ec8\u6b62-\u670d\u52a1\u653f\u7b56-\u4ed8\u6b3e\u65b9\u5f0f<br>4.1\u5408\u540c\u671f\u9650<br>-\u672c\u5408\u540c\u6709\u6548\u671f\u81f3\u7532\u65b9\u5728\u4e59\u65b9\u63d0\u4f9b\u7684\u5e7f\u544a\u8d26\u6237\u4e2d\u7684\u5e7f\u544a\u9884\u7b97\u7528\u5b8c\u4e3a\u6b62\uff0c\u5e76\u5728\u7532\u65b9\u63d0\u4f9b\u65f6\u81ea\u52a8\u7eed\u8ba2\u3002\u7ee7\u7eed\u5c06\u989d\u5916\u8d39\u7528\u548c\u5e7f\u544a\u9884\u7b97\u8f6c\u5165\u4e0b\u4e00\u8f6e\u3002<br>4.2 \u5408\u540c\u7ec8\u6b62<br>\u2014\u2014\u672c\u5408\u540c\u5728\u4e0b\u5217\u60c5\u51b5\u4e0b\u7ec8\u6b62\uff1a<br>\u7532\u65b9\uff1a<br>\u2014\u2014\u7532\u65b9\u6709\u6743\u5355\u65b9\u9762\u7ec8\u6b62\u5982\u53d1\u73b0\u4e59\u65b9\u8fdd\u53cd\u672c\u5408\u540c\u7b2c2.\u200b\u200b2\u6761\u89c4\u5b9a\uff0c\u5e76\u8981\u6c42\u4e59\u65b9\u8d54\u507f\u7532\u65b9\u635f\u5931\uff08\u5982\u6709\uff09\uff0c\u5e94\u7acb\u5373\u89e3\u9664\u672c\u5408\u540c\u3002\u540c\u65f6\uff0c\u4e59\u65b9\u5fc5\u987b\u9000\u8fd8\u7532\u65b9100%\u7684\u62bc\u91d1\u3002<br>\u4e59\u65b9<br>\u2013 \u5982\u679c\u7532\u65b9\u6545\u610f\u8fdd\u53cdFacebook\u7684\u6761\u6b3e\u548c\u4e59\u65b9\u7684\u653f\u7b56\uff0c\u5bfc\u81f4\u5e7f\u544a\u5e10\u6237\u88ab\u9501\u5b9a\u4e14Facebook\u62d2\u7edd\u91cd\u65b0\u53d1\u5e03\u5b83\u3002\u4e59\u65b9\u5355\u65b9\u9762\u7ec8\u6b62\u672c\u5408\u540c\uff0c\u7532\u65b9\u5c06\u88ab\u5904\u4ee5200\u7f8e\u5143\u7f5a\u6b3e\uff0c\u4e59\u65b9\u5c06\u4f7f\u7528\u4fdd\u8bc1\u91d1\u8fdb\u884c\u6263\u9664\u3002<br>-\u5982\u7532\u65b9\u4e0d\u9075\u5b88\u89c4\u5b9a\uff0c\u4e59\u65b9\u6709\u6743\u5355\u65b9\u9762\u4e2d\u6b62\u6216\u7ec8\u6b62\u5c65\u884c\u672c\u5408\u540c\u53ca\u5176\u5728\u672c\u5408\u540c\u4e2d\u7684\u627f\u8bfa\u3002<br>\u9700\u8981\u6ce8\u610f\u7684\u60c5\u51b5\uff1a<br>- \u5982\u679c\u53d1\u751f\u4e0d\u53ef\u6297\u529b\u4e8b\u4ef6\uff0c\u53cc\u65b9\u5fc5\u987b\u5c3d\u4e00\u5207\u52aa\u529b\u5c3d\u91cf\u51cf\u5c11\u5408\u540c\u7684\u635f\u5bb3\u548c\u6e05\u7b97\u3002\u56e0\u4e0d\u53ef\u6297\u529b\u4e8b\u4ef6\u9020\u6210\u7684\u635f\u5931\uff0c\u53cc\u65b9\u5747\u4e0d\u627f\u62c5\u8d23\u4efb\u3002<br>-\u5982\u4efb\u4f55\u4e00\u65b9\u56e0\u5ba2\u89c2\u539f\u56e0\u8981\u6c42\u5728\u5230\u671f\u65e5\u524d\u505c\u6b62\u670d\u52a1\uff0c\u53cc\u65b9\u672c\u7740\u76f8\u4e92\u7406\u89e3\u548c\u652f\u6301\u7684\u7cbe\u795e\u4e00\u81f4\u540c\u610f\u5e76\u56e2\u7ed3\u4e00\u81f4\u3002\u5982\u679c\u7532\u65b9\u6ca1\u6709\u8fdd\u53cdFacebook\u548c\u4e59\u65b9\u7684\u4efb\u4f55\u653f\u7b56\uff0c\u4e59\u65b9\u5c06\u9000\u8fd8\u5e7f\u544a\u8d26\u6237\u4e2d\u7684\u5269\u4f59\u9884\u7b97\uff0c\u4ee5\u53ca\u62bc\u91d1\u3002\u9000\u6b3e\u91d1\u989d\u4e5f\u6309\u7167\u4e59\u65b9\u5728\u5408\u540c\u4e2d\u89c4\u5b9a\u7684\u5916\u5e01\u6c47\u7387\u6298\u7b97\u2014\u2014\u5728\u4efb\u4f55\u60c5\u51b5\u4e0b\uff0c\u670d\u52a1\u8d39\u548c\u5916\u5e01\u5151\u6362\u8d39\u5747\u4e0d\u4e88\u9000\u8fd8\u3002<\/p><p class=\" translation-block\">\u2013 \u7532\u65b9\u4e3a\u63d0\u4f9b\u76f8\u5e94\u670d\u52a1\u800c\u5b58\u5165\u4fdd\u8bc1\u91d1\uff0c\u6bcf\u4e2a\u8d26\u6237200\u7f8e\u5143\u3002\u53cc\u65b9\u6309\u7167\u7ea6\u5b9a\u7ec8\u6b62\u670d\u52a1\u5408\u540c\u65f6\uff0c\u62bc\u91d1\u5c06\u4e88\u4ee5\u9000\u8fd8\u3002\u5982\u679c\u7532\u65b9\u8fdd\u53cd\u672c\u5408\u540c\u7b2c2.\u200b\u200b1\u6761\uff0c\u4e59\u65b9\u6709\u6743\u7acb\u5373\u7ec8\u6b62\u672c\u5408\u540c\uff0c\u5e76\u7528\u4fdd\u8bc1\u91d1\u652f\u4ed8\u7532\u65b9\u56e0\u8fdd\u7ea6\u800c\u4ea7\u751f\u7684\u8fdd\u7ea6\u91d1\u3002<br>- \u8d39\u7528 \u5e7f\u544a\u8d39\u548c\u670d\u52a1\u8d39\uff1a\u670d\u52a1\u8d39\u4e3a\u5e7f\u544a\u9884\u7b97\u76843%\uff0c\u6bcf\u4e2a\u8d26\u6237\/\u6708\u7684\u6536\u5165\u6700\u4f4e\u4e3a1000\u7f8e\u5143\u3002<br>\u2013\u5916\u6c47\u6c47\u7387\u7531\u4e59\u65b9\u76d1\u7ba1\uff0c\u5e76\u7531\u4e59\u65b9\u6bcf\u5468\u66f4\u65b0\uff08\u6c47\u7387\u7531\u4e59\u65b9\u6839\u636e\u5f53\u524d\u6c47\u7387\u66f4\u65b0\uff09\u6c47\u7387\u548c\u5916\u5e01\u5151\u6362\u8d39\u4e0d\u8d85\u8fc72%\uff09\u3002<\/p><p class=\" translation-block\">\u2013 \u9644\u52a0\u652f\u6301\u670d\u52a1\uff1a\u7531\u4e8e\u7532\u65b9\u9700\u8981\u4e59\u65b9\u7684\u652f\u6301\u6765\u670d\u52a1\u4e59\u65b9\u7684\u521d\u59cb\u8bbe\u7f6e\uff0c\u56e0\u6b64\u51fa\u73b0\u4e86\u4e00\u4e9b\u5176\u4ed6\u95ee\u9898\uff0c\u4e59\u65b9\u53ea\u9700\u6309\u7167\u7532\u65b9\u4f9b\u5e94\u5546\u7684\u8d39\u7528\u8868\u4ed8\u6b3e\u5373\u53ef\u3002<br>4.4 \u4ed8\u6b3e\u65b9\u5f0f<br>\u3002 \u2013 \u8ba2\u91d1\uff1a\u672c\u5408\u540c\u7b7e\u8ba2\u540e\uff0c\u7532\u65b9\u5411\u4e59\u65b9\u652f\u4ed8\u8ba2\u91d1\uff0c\u7528\u4e8e\u8bbe\u7f6e\u670d\u52a1\u5957\u9910\u3002<br>\u2013 \u5e7f\u544a\u8d39\u53ca\u670d\u52a1\uff1a\u7532\u65b9\u6bcf\u6b21\u5411\u4e59\u65b9\u53d1\u9001\u5e7f\u544a\u9884\u7b97\u548c\u76f8\u5e94\u7684\u670d\u52a1\u8d39\u3002 <br>\u2013 \u5916\u5e01\u5151\u6362\u8d39\u7528\uff1a\u4e59\u65b9\u5c06\u5728\u6bcf\u6b21\u5145\u503c\u7532\u65b9\u5e7f\u544a\u9884\u7b97\u65f6\u6536\u53d6\u5408\u7406\u7684\u6bcf\u5468\u5916\u5e01\u5151\u6362\u8d39\u7528\uff0c\u8be5\u8d39\u7528\u4e0d\u8d85\u8fc72%\u3002<br>\u2013 \u9644\u52a0\u652f\u6301\u670d\u52a1\uff1a\u7532\u65b9\u652f\u4ed8\u8981\u6c42\u4e59\u65b9\u4f7f\u7528\u7b2c\u4e09\u65b9\u670d\u52a1\u652f\u6301\u7532\u65b9\u5b8c\u6210\u8bbe\u7f6e\u6b65\u9aa4\u6240\u4ea7\u751f\u7684\u8d39\u7528\u3002<br>\u7b2c\u4e94\u6761\uff1a\u5b9e\u65bd\u7ec6\u5219<br>-\u672c\u5408\u540c\u7b7e\u8ba2\u540e\u7acb\u5373\u751f\u6548\u3002<br>-\u53cc\u65b9\u53cc\u65b9\u627f\u8bfa\u4e25\u683c\u9075\u5b88\u5408\u540c\u6761\u6b3e\uff0c\u4ee5\u9632\u4efb\u4f55\u4e00\u65b9\u6545\u610f\u8fdd\u53cd\u5408\u540c\u6761\u6b3e\uff1b\u53e6\u4e00\u65b9\u5c06\u4ee5\u4e66\u9762\u5f62\u5f0f\u63d0\u9192\u3002<br>- \u5982\u679c\u4e00\u65b9\u5e0c\u671b\u66f4\u6539\u4e0e\u672c\u5408\u540c\u6709\u5173\u7684\u4efb\u4f55\u5185\u5bb9\uff0c\u8be5\u65b9\u5fc5\u987b\u63d0\u524d 3 \u5929\u63d0\u51fa\u4e66\u9762\u8bf7\u6c42\uff0c\u4ee5\u4f9b\u8003\u8651\u5e76\u540c\u610f\u3002\u56e0\u7532\u65b9\u539f\u56e0\u5bfc\u81f4\u5408\u540c\u53d8\u66f4\u6240\u4ea7\u751f\u7684\u8d39\u7528\uff0c\u7531\u4e59\u65b9\u8d1f\u8d23\u652f\u4ed8\u3002<br>-\u5b9e\u65bd\u8fc7\u7a0b\u4e2d\uff0c\u5982\u51fa\u73b0\u4efb\u4f55\u95ee\u9898\uff0c\u53cc\u65b9\u5c06\u672c\u7740\u5408\u4f5c\u7684\u7cbe\u795e\u79ef\u6781\u534f\u5546\u89e3\u51b3\u3002\u76f8\u4e92\u5c0a\u91cd\u3002\u5982\u53cc\u65b9\u4e0d\u80fd\u81ea\u884c\u89e3\u51b3\uff0c\u53cc\u65b9\u540c\u610f\u5c06\u6848\u4ef6\u79fb\u9001\u4e59\u65b9\u8425\u4e1a\u5730\u5740\u6240\u5728\u5730\u7ecf\u6d4e\u6cd5\u9662\u3002<br>\u7b2c\u516d\u6761\uff1a\u5408\u540c\u5c65\u884c\u65f6\u95f4<br>\u2014\u2014\u672c\u5408\u540c\u751f\u6548\u81ea\u7b7e\u8ba2\u4e4b\u65e5\u8d77\u3002<br>\u2013 7\u5929\u540e\u53cc\u65b9\u53ec\u5f00\u4f1a\u8bae\u5e76\u51c6\u5907\u5408\u540c\u6e05\u7b97\u8bb0\u5f55\u3002\u4e59\u65b9\u8d1f\u8d23\u5728\u9002\u5f53\u7684\u65f6\u95f4\u548c\u5730\u70b9\u7ec4\u7ec7\u3002<\/p>\t\t\t\t\t\t<\/div>\n\t\t\t\t<\/div>\n\t\t            <\/div>\r\n        <\/div>\r\n        \t\t\t<\/div>\n\t\t<\/section>\n\t\t\t\t<\/div>","protected":false},"excerpt":{"rendered":"<p>\u0110i\u1ec1u kho\u1ea3n s\u1eed d\u1ee5ng \u0110i\u1ec1u kho\u1ea3n s\u1eed d\u1ee5ng \u0110I\u1ec0U 1: \u0110\u1ecaNH NGH\u0128A V\u00c0 D\u1ecaCH V\u1ee4 1.1 \u0110\u1ecbnh ngh\u0129a \u2013 T\u00e0i kho\u1ea3n qu\u1ea3ng c\u00e1o: L\u00e0 t\u00e0i kho\u1ea3n qu\u1ea3ng c\u00e1o Facebook m\u00e0 B\u00ean B cung c\u1ea5p cho B\u00ean A. \u2013 Advertising Budget: L\u00e0 s\u1ed1 ti\u1ec1n m\u00e0 B\u00ean A chuy\u1ec3n cho B\u00ean B \u0111\u1ec3 ch\u1ec9 s\u1eed d\u1ee5ng cho [&hellip;]<\/p>","protected":false},"author":1,"featured_media":0,"parent":0,"menu_order":0,"comment_status":"closed","ping_status":"closed","template":"","meta":{"footnotes":""},"class_list":["post-19858","page","type-page","status-publish","hentry"],"_links":{"self":[{"href":"https:\/\/ads-fly.com\/zh\/wp-json\/wp\/v2\/pages\/19858","targetHints":{"allow":["GET"]}}],"collection":[{"href":"https:\/\/ads-fly.com\/zh\/wp-json\/wp\/v2\/pages"}],"about":[{"href":"https:\/\/ads-fly.com\/zh\/wp-json\/wp\/v2\/types\/page"}],"author":[{"embeddable":true,"href":"https:\/\/ads-fly.com\/zh\/wp-json\/wp\/v2\/users\/1"}],"replies":[{"embeddable":true,"href":"https:\/\/ads-fly.com\/zh\/wp-json\/wp\/v2\/comments?post=19858"}],"version-history":[{"count":8,"href":"https:\/\/ads-fly.com\/zh\/wp-json\/wp\/v2\/pages\/19858\/revisions"}],"predecessor-version":[{"id":20252,"href":"https:\/\/ads-fly.com\/zh\/wp-json\/wp\/v2\/pages\/19858\/revisions\/20252"}],"wp:attachment":[{"href":"https:\/\/ads-fly.com\/zh\/wp-json\/wp\/v2\/media?parent=19858"}],"curies":[{"name":"wp","href":"https:\/\/api.w.org\/{rel}","templated":true}]}}