{"id":19850,"date":"2024-09-05T16:35:15","date_gmt":"2024-09-05T16:35:15","guid":{"rendered":"https:\/\/ads-fly.com\/?page_id=19850"},"modified":"2024-10-21T23:18:03","modified_gmt":"2024-10-21T23:18:03","slug":"work-policy","status":"publish","type":"page","link":"https:\/\/ads-fly.com\/zh\/work-policy\/","title":{"rendered":"\u5de5\u4f5c\u65b9\u9488"},"content":{"rendered":"<div data-elementor-type=\"wp-page\" data-elementor-id=\"19850\" class=\"elementor elementor-19850\" data-elementor-post-type=\"page\">\n\t\t\t\t        <section class=\"elementor-section elementor-top-section elementor-element elementor-element-e3d537f elementor-section-stretched elementor-section-boxed elementor-section-height-default elementor-section-height-default pxl-section-overflow-hidden-no\" data-id=\"e3d537f\" data-element_type=\"section\" data-settings=\"{&quot;stretch_section&quot;:&quot;section-stretched&quot;}\">\n\n                \n                <div class=\"elementor-container elementor-column-gap-extended\">\n                <div class=\"elementor-column elementor-col-100 elementor-top-column elementor-element elementor-element-597a822 col-offset-none pxl-column-element-default pxl-column-overflow-hidden-no\" data-id=\"597a822\" data-element_type=\"column\">\r\n        <div class=\"elementor-widget-wrap elementor-element-populated\">\r\n                     \r\n        \t\t<div class=\"elementor-element elementor-element-960cb45 elementor-widget elementor-widget-pxl_heading\" data-id=\"960cb45\" data-element_type=\"widget\" data-widget_type=\"pxl_heading.default\">\n\t\t\t\t<div class=\"elementor-widget-container\">\n\t\t\t<div class=\"pxl-heading\">\n    <div class=\"pxl-heading--inner\">\n                    <div class=\"pxl-item--subtitle wow fadeInUp\">\n                <span>\u5de5\u4f5c\u653f\u7b56<br \/>\n<\/span>\n            <\/div>\n                <h3 class=\"pxl-item--title divider-none wow fadeInUp\">\n        \u5de5\u4f5c\u653f\u7b56\n                <\/h3>\n                    <\/div>\n<\/div>\n\n\t\t<\/div>\n\t\t\t\t<\/div>\n\t\t\t\t<div class=\"elementor-element elementor-element-90d5d9c elementor-widget elementor-widget-text-editor\" data-id=\"90d5d9c\" data-element_type=\"widget\" data-widget_type=\"text-editor.default\">\n\t\t\t\t<div class=\"elementor-widget-container\">\n\t\t\t<style>\/*! elementor - v3.23.0 - 05-08-2024 *\/\n.elementor-widget-text-editor.elementor-drop-cap-view-stacked .elementor-drop-cap{background-color:#69727d;color:#fff}.elementor-widget-text-editor.elementor-drop-cap-view-framed .elementor-drop-cap{color:#69727d;border:3px solid;background-color:transparent}.elementor-widget-text-editor:not(.elementor-drop-cap-view-default) .elementor-drop-cap{margin-top:8px}.elementor-widget-text-editor:not(.elementor-drop-cap-view-default) .elementor-drop-cap-letter{width:1em;height:1em}.elementor-widget-text-editor .elementor-drop-cap{float:left;text-align:center;line-height:1;font-size:50px}.elementor-widget-text-editor .elementor-drop-cap-letter{display:inline-block}<\/style>\t\t\t\t<p>1. \u4ed8\u6b3e\u653f\u7b56<\/p><p>\u4e0eAds Fly\u7b7e\u8ba2\u5408\u540c\u540e\uff0c\u5ba2\u6237\u540c\u610fAds Fly\u7684\u534f\u8bae\u548c\u653f\u7b56\u3002<\/p><p>\u5411\u7f51\u7ad9\u5b58\u94b1\u5e76\u4e3a\u60a8\u7684\u5e10\u6237\u5145\u503c<\/p><p>\u7f8e\u5143\u6c47\u7387\uff08\u6bcf\u65e5\u66f4\u65b0\uff09\u4ee5TECHCOMBANK\u94f6\u884c\u6c47\u7387+1.5%\u5916\u5e01\u5151\u6362\u8d39\u4e3a\u57fa\u7840\u3002<\/p><p>\u4f8b\u5982\uff1a2022\u5e748\u67082\u65e5\uff1aTechcombank\u6c47\u7387\uff1a23,500<\/p><p>\u6c47\u7387\uff1a23,500 + 23,500 * 1.5% = 23,852 \u8d8a\u5357\u76fe<\/p><p>2. FACEBOOK\u5e10\u6237\u79df\u8d41\u670d\u52a1\u7684\u8bf4\u660e\u548c\u89c4\u5b9a<\/p><p>2.1 \u5173\u4e8e\u9875\u9762<\/p><p class=\" translation-block\">\u5934\u50cf\u548c\u6a2a\u5e45\uff1a\u5934\u50cf\u4e0a\u6709\u7f51\u7ad9\u7684\u5fbd\u6807\uff0c\u6a2a\u5e45\u4e0a\u6709\u7f51\u7ad9\u7684\u5fbd\u6807<br>\u5173\u4e8e\u90e8\u5206\uff1a\u586b\u5199\u5c3d\u53ef\u80fd\u591a\u7684\u4fe1\u606f\u3002\u5fc5\u586b\u5730\u5740 - \u7535\u8bdd\u53f7\u7801 - \u90ae\u7bb1 - \u7f51\u7ad9<br>\u53d1\u5e033\u7bc7\u6709\u5173\u4ea7\u54c1\u7684\u6587\u7ae0\uff08\u53d1\u5e03\u7684\u4ea7\u54c1\u5fc5\u987b\u4e0e\u6ce8\u518c\u7f51\u7ad9\u4e2d\u7684\u4ea7\u54c1\u76f8\u540c\uff09<\/p><p>2.2 \u5173\u4e8e\u7f51\u7ad9\/\u767b\u9646\u9875\u9762<\/p><p>\u7f51\u7edc\u3001\u767b\u9646\u9875\u9762\u548c\u9875\u9762\u4e0a\u7684\u6240\u6709\u5185\u5bb9\u5747\u4e0d\u8fdd\u53cd Facebook \u653f\u7b56\u548c\u673a\u6784\u5efa\u8bae\uff1ahttps:\/\/www.facebook.com\/policies\/ads\/<br \/>\u7f51\u7ad9\/Ladipage \u5fc5\u987b\u5305\u542b\u5b8c\u6574\u4fe1\u606f\u516c\u53f8\u540d\u79f0\u3001\u5730\u5740\u3001\u7535\u8bdd\u53f7\u7801\u3001\u7535\u5b50\u90ae\u4ef6\u3001\u653f\u7b56\uff1a<br \/>\u6761\u6b3e\u548c\u6761\u4ef6\u3001\u9690\u79c1\u653f\u7b56\u3001\u4fdd\u4fee\u653f\u7b56\u3001\u8fd0\u8f93\u548c\u4ea4\u4ed8\u653f\u200b\u200b\u7b56\u7b49\u3002<br \/>\u57df\u540d\u4e0d\u53d7\u5e7f\u544a\u9650\u5236<br \/>\u60a8\u5e94\u8be5\u4f7f\u7528\u4fe1\u606f\u57df\u540d\uff08\u5efa\u8bae\u4f7f\u7528 .com \u6269\u5c55\u540d\uff09<br \/>\u9500\u91cf\u4e0d\u8981\u8d85\u8fc750%<br \/>\u65f6\u95f4\u9650\u5236\uff1a\u8bf7\u52ff\u4f7f\u7528\u5012\u6570\u8ba1\u65f6\u5668\uff0c\u4ec5\u4eca\u5929\u4fc3\u9500 x%\uff0c\u4fc3\u9500\u4ec5\u9002\u7528\u4e8e\u4eca\u5929<br \/>5 \u661f\u8bc4\u8bba\uff1a\u4e0d\u8981\u4f7f\u7528\u6240\u6709\u5ba2\u6237\u8bc4\u8bba\u90fd\u662f 5 \u661f\uff0cFacebook \u8ba4\u4e3a\u8fd9\u662f\u4e0d\u51c6\u786e\u7684<\/p><p>\u6ce8\u610f\uff1aAds Fly Agency \u5c06\u4e3a\u5ba2\u6237\u5b8c\u6210\u548c\u7f16\u8f91\uff0c\u4ee5\u5e2e\u52a9\u5c3d\u5feb\u5b8c\u6210\u5e10\u6237\u6ce8\u518c\u8fc7\u7a0b\u3002<\/p><p class=\" translation-block\">\u5145\u7535\u65f6\u95f4\uff1a\u65e0\u5ef6\u8fdf\uff0c\u4ec5\u970010\u79d2\u3002\u5168\u5929 24\/7\u3002\u6700\u5feb\u52a0\u8f7d\u65f6\u95f4\u662f\u529e\u516c\u65f6\u95f4\uff1a\u5468\u4e00\u81f3\u5468\u516d\u4e0a\u5348 8:30 \u81f3\u4e0b\u5348 5:30\u3002\u5176\u4ed6\u65f6\u95f4\u4f1a\u5ef6\u8fdf1-2\u5c0f\u65f6<br>\u8bf7\u52ff\u67e5\u770b\u5185\u5bb9\uff0c\u5982\u679c\u8d26\u6237\u6b7b\u4ea1\uff0c24\u5c0f\u65f6\u5185\u4f1a\u53d1\u51fa\u65b0\u8d26\u6237\uff0c\u5e76\u4e14\u6b7b\u4ea1\u8d26\u6237\u4e2d\u7684\u5269\u4f59\u9884\u7b97\u4f1a\u57281\u5185\u8f6c\u5165\u65b0\u8d26\u6237-2\u5929\uff08\u5468\u65e5\u4e0d\u8ba1\u7b97\uff09\u3002<br>\u8d26\u6237\u7b7e\u53d1\u65f6\u95f4\u4e3a\u5ba2\u6237\u51c6\u5907\u597d\u57df\u540d\u540e24-48\u5c0f\u65f6\uff08\u4e0d\u542b\u5468\u65e5\uff09<\/p>\t\t\t\t\t\t<\/div>\n\t\t\t\t<\/div>\n\t\t            <\/div>\r\n        <\/div>\r\n        \t\t\t<\/div>\n\t\t<\/section>\n\t\t\t\t<\/div>","protected":false},"excerpt":{"rendered":"<p>CH\u00cdNH S\u00c1CH L\u00c0M VI\u1ec6C CH\u00cdNH S\u00c1CH L\u00c0M VI\u1ec6C 1. CH\u00cdNH S\u00c1CH THANH TO\u00c1N Kh\u00e1ch h\u00e0ng sau khi l\u00e0m h\u1ee3p \u0111\u1ed3ng v\u1edbi Ads Fly, \u0111\u1ed3ng \u00fd th\u1ecfa thu\u1eadn v\u00e0 ch\u00ednh s\u00e1ch c\u1ee7a Ads Fly. Kh\u00e1ch h\u00e0ng s\u1ebd t\u1ea1o t\u00e0i kho\u1ea3n trong h\u1ec7 th\u1ed1ng Ads Flyadsmanager c\u1ee7a Ads Fly. T\u1ea1i \u0111\u00e2y c\u00e1c ch\u00fang t\u00f4i s\u1ebd m\u1edf v\u00e0 [&hellip;]<\/p>","protected":false},"author":1,"featured_media":0,"parent":0,"menu_order":0,"comment_status":"closed","ping_status":"closed","template":"","meta":{"footnotes":""},"class_list":["post-19850","page","type-page","status-publish","hentry"],"_links":{"self":[{"href":"https:\/\/ads-fly.com\/zh\/wp-json\/wp\/v2\/pages\/19850","targetHints":{"allow":["GET"]}}],"collection":[{"href":"https:\/\/ads-fly.com\/zh\/wp-json\/wp\/v2\/pages"}],"about":[{"href":"https:\/\/ads-fly.com\/zh\/wp-json\/wp\/v2\/types\/page"}],"author":[{"embeddable":true,"href":"https:\/\/ads-fly.com\/zh\/wp-json\/wp\/v2\/users\/1"}],"replies":[{"embeddable":true,"href":"https:\/\/ads-fly.com\/zh\/wp-json\/wp\/v2\/comments?post=19850"}],"version-history":[{"count":11,"href":"https:\/\/ads-fly.com\/zh\/wp-json\/wp\/v2\/pages\/19850\/revisions"}],"predecessor-version":[{"id":20251,"href":"https:\/\/ads-fly.com\/zh\/wp-json\/wp\/v2\/pages\/19850\/revisions\/20251"}],"wp:attachment":[{"href":"https:\/\/ads-fly.com\/zh\/wp-json\/wp\/v2\/media?parent=19850"}],"curies":[{"name":"wp","href":"https:\/\/api.w.org\/{rel}","templated":true}]}}