{"id":19842,"date":"2024-09-05T16:31:14","date_gmt":"2024-09-05T16:31:14","guid":{"rendered":"https:\/\/ads-fly.com\/?page_id=19842"},"modified":"2024-10-21T23:16:55","modified_gmt":"2024-10-21T23:16:55","slug":"privacy-policy-2","status":"publish","type":"page","link":"https:\/\/ads-fly.com\/zh\/privacy-policy-2\/","title":{"rendered":"\u9690\u79c1\u653f\u7b56"},"content":{"rendered":"<div data-elementor-type=\"wp-page\" data-elementor-id=\"19842\" class=\"elementor elementor-19842\" data-elementor-post-type=\"page\">\n\t\t\t\t        <section class=\"elementor-section elementor-top-section elementor-element elementor-element-e3d537f elementor-section-stretched elementor-section-boxed elementor-section-height-default elementor-section-height-default pxl-section-overflow-hidden-no\" data-id=\"e3d537f\" data-element_type=\"section\" data-settings=\"{&quot;stretch_section&quot;:&quot;section-stretched&quot;}\">\n\n                \n                <div class=\"elementor-container elementor-column-gap-extended\">\n                <div class=\"elementor-column elementor-col-100 elementor-top-column elementor-element elementor-element-597a822 col-offset-none pxl-column-element-default pxl-column-overflow-hidden-no\" data-id=\"597a822\" data-element_type=\"column\">\r\n        <div class=\"elementor-widget-wrap elementor-element-populated\">\r\n                     \r\n        \t\t<div class=\"elementor-element elementor-element-960cb45 elementor-widget elementor-widget-pxl_heading\" data-id=\"960cb45\" data-element_type=\"widget\" data-widget_type=\"pxl_heading.default\">\n\t\t\t\t<div class=\"elementor-widget-container\">\n\t\t\t<div class=\"pxl-heading\">\n    <div class=\"pxl-heading--inner\">\n                    <div class=\"pxl-item--subtitle wow fadeInUp\">\n                <span>\u9690\u79c1\u653f\u7b56<\/span>\n            <\/div>\n                <h3 class=\"pxl-item--title divider-none wow fadeInUp\">\n        \u9690\u79c1\u653f\u7b56                <\/h3>\n                    <\/div>\n<\/div>\n\n\t\t<\/div>\n\t\t\t\t<\/div>\n\t\t            <\/div>\r\n        <\/div>\r\n        \t\t\t<\/div>\n\t\t<\/section>\n\t\t        <section class=\"elementor-section elementor-top-section elementor-element elementor-element-31d6734 elementor-section-stretched elementor-section-boxed elementor-section-height-default elementor-section-height-default pxl-section-overflow-hidden-no\" data-id=\"31d6734\" data-element_type=\"section\" data-settings=\"{&quot;stretch_section&quot;:&quot;section-stretched&quot;,&quot;background_background&quot;:&quot;classic&quot;}\">\n\n                \n                <div class=\"elementor-container elementor-column-gap-extended\">\n                <div class=\"elementor-column elementor-col-100 elementor-top-column elementor-element elementor-element-34e6f7e col-offset-none pxl-column-element-default pxl-column-overflow-hidden-no\" data-id=\"34e6f7e\" data-element_type=\"column\">\r\n        <div class=\"elementor-widget-wrap elementor-element-populated\">\r\n                     \r\n        \t\t<div class=\"elementor-element elementor-element-e19d57b elementor-widget elementor-widget-text-editor\" data-id=\"e19d57b\" data-element_type=\"widget\" data-widget_type=\"text-editor.default\">\n\t\t\t\t<div class=\"elementor-widget-container\">\n\t\t\t<style>\/*! elementor - v3.23.0 - 05-08-2024 *\/\n.elementor-widget-text-editor.elementor-drop-cap-view-stacked .elementor-drop-cap{background-color:#69727d;color:#fff}.elementor-widget-text-editor.elementor-drop-cap-view-framed .elementor-drop-cap{color:#69727d;border:3px solid;background-color:transparent}.elementor-widget-text-editor:not(.elementor-drop-cap-view-default) .elementor-drop-cap{margin-top:8px}.elementor-widget-text-editor:not(.elementor-drop-cap-view-default) .elementor-drop-cap-letter{width:1em;height:1em}.elementor-widget-text-editor .elementor-drop-cap{float:left;text-align:center;line-height:1;font-size:50px}.elementor-widget-text-editor .elementor-drop-cap-letter{display:inline-block}<\/style>\t\t\t\t<p class=\" translation-block\">Ads Fly \u7684\u9690\u79c1\u653f\u7b56<br><strong>1. Ads Fly \u6536\u96c6\u7684\u4fe1\u606f<\/p><p class=\" translation-block\">\u4e3a\u4e86\u5411\u6240\u6709\u7528\u6237\u63d0\u4f9b\u66f4\u597d\u7684\u670d\u52a1\u548c\u4f53\u9a8c\uff0c\u5f53\u60a8\u5728 Ads Fly \u7f51\u7ad9\u4e0a\u6ce8\u518c\u65f6\uff0c\u6211\u4eec\u4f1a\u6536\u96c6\u60a8\u7684\u4fe1\u606f\u3002\u5177\u4f53\u6765\u8bf4\uff0c\u5f53\u60a8\u521b\u5efa\u5e10\u6237\u65f6\uff0c\u60a8\u5411\u6211\u4eec\u63d0\u4f9b\u4e2a\u4eba\u4fe1\u606f\uff08\u5305\u62ec\u5168\u540d\u3001\u7535\u8bdd\u53f7\u7801\u3001\u8054\u7cfb\u7535\u5b50\u90ae\u4ef6\u5730\u5740\uff09\u3002\u4f46\u662f\uff0c\u60a8\u4ecd\u7136\u53ef\u4ee5\u533f\u540d\u8bbf\u95ee\u6211\u4eec\u7684\u7f51\u7ad9\u3002\u8fd9\u610f\u5473\u7740\u60a8\u53ef\u4ee5\u8fdb\u5165\u8be5\u7f51\u7ad9\u800c\u65e0\u9700\u900f\u9732\u4efb\u4f55\u6709\u5173\u60a8\u81ea\u5df1\u7684\u4fe1\u606f\u3002<br>\u5173\u4e8e\u81ea\u5b9a\u4e49\u4fe1\u606f\uff0c\u60a8\u53ef\u4ee5\u5728\u7f51\u7ad9\u7684\u201c\u5e10\u6237\u7ba1\u7406\u201d\u9875\u9762\u4e2d\u81ea\u884c\u7f16\u8f91\u60a8\u7684\u540d\u5b57\u548c\u59d3\u6c0f\u3002\u5982\u679c\u60a8\u66f4\u6539\u767b\u5f55\u7535\u5b50\u90ae\u4ef6\u6216\u7535\u8bdd\u53f7\u7801\uff0c\u60a8\u9700\u8981\u5411\u6211\u4eec\u53d1\u9001\u8bf7\u6c42\u5e76\u5b8c\u6210\u9a8c\u8bc1\u6b65\u9aa4\u3002<\/p><p class=\" translation-block\">2. Ads Fly \u6536\u96c6\u4fe1\u606f\u7684\u76ee\u7684<\/strong><br>Ads Fly \u5c06\u6536\u96c6\u7684\u6570\u636e\u7528\u4e8e\u4e00\u822c\u76ee\u7684\uff1a\u5e10\u6237\u8bc6\u522b\u548c\u8eab\u4efd\u9a8c\u8bc1\u3001\u670d\u52a1\u6539\u8fdb\u3001\u5ba2\u6237\u670d\u52a1\u548c\u7814\u7a76\u3002\u6b64\u5916\uff0c\u60a8\u7684\u6ce8\u518c\u4fe1\u606f\u548c\u5e10\u6237\u5c06\u65e0\u9650\u671f\u5b58\u50a8\uff0c\u4ee5\u4fbf\u60a8\u53ef\u4ee5\u968f\u65f6\u7eed\u8ba2\u670d\u52a1\u3002<\/p><p class=\" translation-block\">3.\u4fe1\u606f\u5b89\u5168<\/strong><br>Ads Fly\u975e\u5e38\u91cd\u89c6\u7528\u6237\u4fe1\u606f\u7684\u5b89\u5168\u3002\u56e0\u6b64\uff0c\u6211\u4eec\u4e0d\u4f1a\u51fa\u552e\u3001\u4ea4\u6613\u6216\u4ee5\u5176\u4ed6\u65b9\u5f0f\u5c06\u60a8\u7684\u4e2a\u4eba\u4fe1\u606f\u7528\u4e8e\u5546\u4e1a\u76ee\u7684\u3002<\/p><p class=\" translation-block\">4.\u4fe1\u606f\u5b58\u50a8<\/strong><br>Ads Fly\u627f\u8bfa\u5728\u4f7f\u7528\u6211\u4eec\u63d0\u4f9b\u7684\u4ea7\u54c1\/\u670d\u52a1\u8fc7\u7a0b\u4e2d\u7edd\u5bf9\u4e0d\u4f1a\u5b58\u50a8\u4efb\u4f55\u7528\u6237\u6570\u636e\u3002<br>\u4f46\u662f\uff0cCookies Manager\u5c06\u6709\u81ea\u5df1\u7684\u4fe1\u606f\u5b58\u50a8\u653f\u7b56\uff0c\u56e0\u4e3a\u8be5\u4ea7\u54c1\u5177\u6709\u4ee5\u4e0b\u529f\u80fd\uff1a <br>\u60a8\u53ef\u4ee5\u8fd9\u6837\u7406\u89e3\uff1a\u5f53\u60a8\u5f00\u542f\u6570\u636e\u540c\u6b65\u6a21\u5f0f\u65f6\uff0c\u60a8\u5df2\u5141\u8bb8Ads Fly\u5c06\u60a8\u7684\u6570\u636e\u5b58\u50a8\u5728\u4e91\u7cfb\u7edf\u4e2d\u3002\u8be5\u6570\u636e\u7531\u60a8\u8f93\u5165\u7684\u5bc6\u7801\u52a0\u5bc6\uff0c\u53ea\u6709\u60a8\u53ef\u4ee5\u89e3\u5bc6\u3002\u6211\u4eec\u627f\u8bfa\u7edd\u5bf9\u4e0d\u5b58\u50a8\u52a0\u5bc6\u5bc6\u7801\uff0c\u4e5f\u7edd\u5bf9\u65e0\u6cd5\u89e3\u5bc6\u60a8\u7684\u6570\u636e\u3002<br>\u65e0\u8bba\u5982\u4f55\uff0c\u5982\u679c\u60a8\u5fd8\u8bb0\u4e86\u52a0\u5bc6\u5bc6\u7801\uff0c\u5c06\u65e0\u6cd5\u89e3\u5bc6\u60a8\u7684\u6570\u636e\u3002\u6211\u4eec\u4e5f\u65e0\u6cd5\u534f\u52a9\u6062\u590d\u60a8\u7684\u6570\u636e\u3002\u6211\u4eec\u627f\u8bfa\u4e0d\u4f1a\u51fa\u552e\u3001\u4ea4\u6362\u6216\u4ee5\u5176\u4ed6\u5546\u4e1a\u5f62\u5f0f\u4f7f\u7528\u60a8\u7684\u4e2a\u4eba\u4fe1\u606f\u6216\u5b58\u50a8\u7684\u6570\u636e\u3002<br>\u6b64\u5916\uff0c\u60a8\u53ef\u4ee5\u5b8c\u5168\u5220\u9664\u548c\u7f16\u8f91\u60a8\u81ea\u5df1\u7684\u5b58\u50a8\u6570\u636e\u5e76\u8bf7\u6c42\u5220\u9664\u60a8\u5728\u6211\u4eec\u7cfb\u7edf\u4e0a\u7684\u5e10\u6237\u3002<\/p><p class=\" translation-block\">5.\u5220\u9664\u6536\u96c6\u7684\u4fe1\u606f<\/strong><br>\u60a8\u53ef\u4ee5\u81ea\u7531\u5220\u9664\u5b58\u50a8\u5728\u6211\u4eec\u5e73\u53f0\u4e0a\u7684\u6570\u636e\u3002<\/p><p class=\" translation-block\">6.\u6ce8\u610f<\/strong><br>\u5728\u4e0e\u6cd5\u5f8b\u76f8\u5173\u7684\u7279\u6b8a\u60c5\u51b5\u4e0b\u6216\u5f53\u60a8\u7684\u884c\u4e3a\u8fdd\u53cd\u6211\u4eec\u7684\u653f\u7b56\u65f6\uff0c\u6211\u4eec\u53ef\u80fd\u9700\u8981\u62ab\u9732\u4e2a\u4eba\u4fe1\u606f\u3002<\/p><p class=\" translation-block\"><strong>Ads Fly \u670d\u52a1\u6761\u6b3e<\/strong><br>Ads Fly \u901a\u8fc7\u8f6f\u4ef6\u4e3a\u5e7f\u544a\u5546\u63d0\u4f9b\u6280\u672f\u89e3\u51b3\u65b9\u6848\u3002\u6211\u4eec\u7684\u89e3\u51b3\u65b9\u6848\u662f\u63d0\u4f9b\u5b9e\u7528\u7a0b\u5e8f\u548c\u5de5\u5177\u6765\u5e2e\u52a9\u5e7f\u544a\u5546\u4f18\u5316\u5728\u5f53\u4eca\u5e73\u53f0\u4e0a\u6295\u653e\u5e7f\u544a\u7684\u65f6\u95f4\u548c\u8d44\u6e90\u3002<br>\u5982\u679c Ads Fly \u4ea7\u54c1\u662f\u514d\u8d39\u7248\u672c\uff0c\u5219\u60a8\u65e0\u9700\u652f\u4ed8\u4efb\u4f55\u4f7f\u7528\u8d39\u3002\u76f8\u53cd\uff0c\u60a8\u5fc5\u987b\u4ed8\u8d39\u624d\u80fd\u4f7f\u7528\u6211\u4eec\u5728\u8fd9\u4e9b\u5de5\u5177\u4e2d\u63d0\u4f9b\u7684\u9ad8\u7ea7\u529f\u80fd\u3002<br>\u6211\u4eec\u627f\u8bfa\u5728\u4f7f\u7528\u6211\u4eec\u7684\u4ea7\u54c1\u65f6\u4e0d\u4f1a\u5b58\u50a8\u6211\u4eec\u7684\u4efb\u4f55\u5e7f\u544a\u6570\u636e\u6216\u5e7f\u544a\u8d44\u4ea7\u3002<br>\u6211\u4eec\u7684\u9690\u79c1\u653f\u7b56\u89e3\u91ca\u4e86\u8fd9\u4e00\u70b9\u3002\u6211\u4eec\u5982\u4f55\u6536\u96c6\u548c\u4f7f\u7528\u60a8\u7684\u4e2a\u4eba\u6570\u636e\u3002<\/p><p class=\" translation-block\"><strong>Cookie \u653f\u7b56<\/strong><br>\u672c Cookie \u653f\u7b56\u5c06\u89e3\u91ca\u5f53\u60a8\u8bbf\u95ee https:\/\/Ads Fly.vn \u6216 Ads Fly \u62e5\u6709\u7684\u4efb\u4f55\u7f51\u7ad9\u65f6\u4f55\u65f6\u4ee5\u53ca\u4e3a\u4f55\u4f7f\u7528 Cookie\u3002<\/p><p class=\" translation-block\"><strong>\u4ec0\u4e48\u662f Cookie\uff1f<\/strong><br>Cookie \u662f\u5305\u542b\u5c11\u91cf\u4fe1\u606f\u7684\u6587\u672c\u6587\u4ef6\uff0c\u5f53\u60a8\u8bbf\u95ee\u6211\u4eec\u7684\u7f51\u7ad9\u65f6\uff0c\u8fd9\u4e9b\u6587\u672c\u6587\u4ef6\u4f1a\u4e0b\u8f7d\u5230\u60a8\u7684\u8bbe\u5907\u4e0a\u3002 Cookie \u7528\u4e8e\u4f7f\u7f51\u7ad9\u5bfc\u822a\u66f4\u52a0\u9ad8\u6548\u3001\u8bb0\u4f4f\u60a8\u7684\u504f\u597d\u5e76\u6539\u5584\u7528\u6237\u4f53\u9a8c\u3002 Cookie \u8fd8\u53ef\u4ee5\u786e\u4fdd\u60a8\u5728\u7ebf\u770b\u5230\u7684\u5e7f\u544a\u5185\u5bb9\u4e0e\u60a8\u548c\u60a8\u7684\u5174\u8da3\u66f4\u76f8\u5173\u3002<br>\u76ee\u524d\uff0cAds Fly \u4ec5\u4f7f\u7528\u6301\u4e45\u6027 Cookie \u2013 \u8fd9\u4e9b Cookie \u5c06\u5728 Cookie \u4e2d\u7684\u9884\u5b9a\u65f6\u95f4\u6bb5\u5185\u6301\u7eed\u4fdd\u7559\u5728\u7528\u6237\u7684\u8bbe\u5907\u4e0a.<br>\u66f4\u5177\u4f53\u5730\u8bf4\uff0c\u8fd9\u4e9b\u662f\u60a8\u767b\u5f55 Ads Fly \u5e10\u6237\u540e\u5728\u6211\u4eec\u7f51\u7ad9\u4e0a\u8fd0\u884c\u6240\u5fc5\u9700\u7684 cookie\u3002\u5b83\u5141\u8bb8\u6211\u4eec\u5b58\u50a8\u60a8\u7684\u767b\u5f55\u8be6\u7ec6\u4fe1\u606f\u4ee5\u4f9b\u5c06\u6765\u8bbf\u95ee\uff0c\u540c\u65f6\u786e\u4fdd\u60a8\u5728\u6211\u4eec\u7f51\u7ad9\u4e0a\u7684\u4f53\u9a8c\u66f4\u597d\u3002<\/p><p><strong>\u514d\u8d23\u58f0\u660e<\/strong><\/p><p class=\" translation-block\">1. \u4ed8\u6b3e\u65b9\u5f0f<br>Ads Fly\u76ee\u524d\u7684\u4ed8\u6b3e\u65b9\u5f0f\u5df2\u5728\u4ed8\u6b3e\u90e8\u5206\u660e\u786e\u8bf4\u660e\u3002<br>\u5bf9\u4e8e\u672a\u80fd\u901a\u8fc7\u8868\u683c\u53ca\u6307\u5b9a\u5185\u5bb9\u4ed8\u6b3e\u7684\u60c5\u51b5\uff0c\u6211\u4eec\u5c06\u4e0d\u627f\u62c5\u4efb\u4f55\u8d23\u4efb\u3002<\/p><p class=\" translation-block\">2.\u9000\u6b3e\u653f\u7b56<br>\u5f53\u60a8\u51b3\u5b9a\u8d2d\u4e70Ads Fly\u7684\u7279\u5b9a\u529f\u80fd\u6216\u5145\u503c\u65f6\uff0c\u5373\u8868\u793a\u60a8\u540c\u610fAds Fly\u7684\u8d2d\u4e70\u534f\u8bae\u3002\u6211\u4eec\u9f13\u52b1\u60a8\u5728\u505a\u51fa\u51b3\u5b9a\u4e4b\u524d\u4ed4\u7ec6\u7814\u7a76\u8be5\u4ed8\u8d39\u529f\u80fd\u6216\u76f4\u63a5\u8054\u7cfb\u6211\u4eec\u7684\u5ba2\u6237\u670d\u52a1\u56e2\u961f\u4ee5\u83b7\u5f97\u8be6\u7ec6\u7684\u5efa\u8bae\u548c\u54a8\u8be2\uff0c\u8fd9\u5c06\u6709\u52a9\u4e8e\u60a8\u5728\u4ea4\u6613\u540e\u907f\u514d\u8bef\u89e3\u6216\u56f0\u60d1\u3002\u5bf9\u4e8e\u6240\u6709\u8d26\u6237\u5145\u503c\u4ea4\u6613\u6216\u8d2d\u4e70\u4ed8\u8d39\u529f\u80fd\u5305\uff0cAds Fly\u4e0d\u63a5\u53d7\u4efb\u4f55\u5f62\u5f0f\u7684\u9000\u6b3e\u7ed9\u5ba2\u6237\uff0c\u4ee5\u514d\u4e2a\u4eba\u548c\u7ec4\u7ec7\u4e58\u673a\u5b9e\u65bd\u8fdd\u6cd5\u884c\u4e3a\u3002\u8fd9\u4e5f\u662f\u4e3a\u4e86\u786e\u4fdd\u6211\u4eec\u7684\u9000\u6b3e\u653f\u7b56\u4e0d\u4f1a\u88ab\u6ee5\u7528\u3002<\/p><p class=\" translation-block\">3.\u5192\u5145\u4ea7\u54c1\u3001\u8f6f\u4ef6\u548c\u670d\u52a1<br>Ads Fly\u4e0d\u5bf9\u7528\u6237\u4f7f\u7528\u975eAds Fly\u63d0\u4f9b\u7684\u4ea7\u54c1\u65f6\u7684\u98ce\u9669\u548c\u540e\u679c\u8d1f\u8d23\u3002<\/p>\t\t\t\t\t\t<\/div>\n\t\t\t\t<\/div>\n\t\t            <\/div>\r\n        <\/div>\r\n        \t\t\t<\/div>\n\t\t<\/section>\n\t\t\t\t<\/div>","protected":false},"excerpt":{"rendered":"<p>Ch\u00ednh S\u00e1ch B\u1ea3o M\u1eadt Ch\u00ednh s\u00e1ch b\u1ea3o m\u1eadt Ch\u00ednh s\u00e1ch b\u1ea3o m\u1eadt c\u1ee7a Ads Fly 1. Th\u00f4ng tin m\u00e0 Ads Fly thu th\u1eadp Nh\u1eb1m cung c\u1ea5p d\u1ecbch v\u1ee5 v\u00e0 mang \u0111\u1ebfn tr\u1ea3i nghi\u1ec7m t\u1ed1t h\u01a1n cho t\u1ea5t c\u1ea3 ng\u01b0\u1eddi d\u00f9ng, ch\u00fang t\u00f4i thu nh\u1eadp th\u00f4ng tin t\u1eeb b\u1ea1n khi b\u1ea1n \u0111\u0103ng k\u00fd tr\u00ean trang web [&hellip;]<\/p>","protected":false},"author":1,"featured_media":0,"parent":0,"menu_order":0,"comment_status":"closed","ping_status":"closed","template":"","meta":{"footnotes":""},"class_list":["post-19842","page","type-page","status-publish","hentry"],"_links":{"self":[{"href":"https:\/\/ads-fly.com\/zh\/wp-json\/wp\/v2\/pages\/19842","targetHints":{"allow":["GET"]}}],"collection":[{"href":"https:\/\/ads-fly.com\/zh\/wp-json\/wp\/v2\/pages"}],"about":[{"href":"https:\/\/ads-fly.com\/zh\/wp-json\/wp\/v2\/types\/page"}],"author":[{"embeddable":true,"href":"https:\/\/ads-fly.com\/zh\/wp-json\/wp\/v2\/users\/1"}],"replies":[{"embeddable":true,"href":"https:\/\/ads-fly.com\/zh\/wp-json\/wp\/v2\/comments?post=19842"}],"version-history":[{"count":14,"href":"https:\/\/ads-fly.com\/zh\/wp-json\/wp\/v2\/pages\/19842\/revisions"}],"predecessor-version":[{"id":20250,"href":"https:\/\/ads-fly.com\/zh\/wp-json\/wp\/v2\/pages\/19842\/revisions\/20250"}],"wp:attachment":[{"href":"https:\/\/ads-fly.com\/zh\/wp-json\/wp\/v2\/media?parent=19842"}],"curies":[{"name":"wp","href":"https:\/\/api.w.org\/{rel}","templated":true}]}}