{"id":324,"date":"2023-06-13T13:38:16","date_gmt":"2023-06-13T13:38:16","guid":{"rendered":"https:\/\/demo.bravisthemes.com\/digicove\/?page_id=324"},"modified":"2024-09-10T13:27:21","modified_gmt":"2024-09-10T13:27:21","slug":"frequently-asked-questions","status":"publish","type":"page","link":"https:\/\/ads-fly.com\/ru\/frequently-asked-questions\/","title":{"rendered":"\u0427\u0430\u0441\u0442\u043e \u0437\u0430\u0434\u0430\u0432\u0430\u0435\u043c\u044b\u0435 \u0432\u043e\u043f\u0440\u043e\u0441\u044b"},"content":{"rendered":"<div data-elementor-type=\"wp-page\" data-elementor-id=\"324\" class=\"elementor elementor-324\" data-elementor-post-type=\"page\">\n\t\t\t\t        <section class=\"elementor-section elementor-top-section elementor-element elementor-element-e5e9602 elementor-section-stretched elementor-section-boxed elementor-section-height-default elementor-section-height-default pxl-section-overflow-hidden-no\" data-id=\"e5e9602\" data-element_type=\"section\" data-settings=\"{&quot;stretch_section&quot;:&quot;section-stretched&quot;,&quot;background_background&quot;:&quot;classic&quot;}\">\n\n                \n                <div class=\"elementor-container elementor-column-gap-extended\">\n                <div class=\"elementor-column elementor-col-100 elementor-top-column elementor-element elementor-element-e2da256 col-offset-none pxl-column-element-default pxl-column-overflow-hidden-no\" data-id=\"e2da256\" data-element_type=\"column\">\r\n        <div class=\"elementor-widget-wrap elementor-element-populated\">\r\n                     \r\n        \t\t<div class=\"elementor-element elementor-element-784171b elementor-widget elementor-widget-pxl_heading\" data-id=\"784171b\" data-element_type=\"widget\" data-widget_type=\"pxl_heading.default\">\n\t\t\t\t<div class=\"elementor-widget-container\">\n\t\t\t<div class=\"pxl-heading\">\n    <div class=\"pxl-heading--inner\">\n                    <div class=\"pxl-item--subtitle\">\n                <span>FAQ<\/span>\n            <\/div>\n                <h2 class=\"pxl-item--title divider-none\">\n        \u0427\u0430\u0441\u0442\u043e \u0437\u0430\u0434\u0430\u0432\u0430\u0435\u043c\u044b\u0435 \u0432\u043e\u043f\u0440\u043e\u0441\u044b                <\/h2>\n                    <\/div>\n<\/div>\n\n\t\t<\/div>\n\t\t\t\t<\/div>\n\t\t\t\t<div class=\"elementor-element elementor-element-e68a914 elementor-widget elementor-widget-pxl_accordion\" data-id=\"e68a914\" data-element_type=\"widget\" data-widget_type=\"pxl_accordion.default\">\n\t\t\t\t<div class=\"elementor-widget-container\">\n\t\t\t    <div class=\"pxl-accordion pxl-accordion1 style1\" data-wow-delay=\"ms\">\r\n                    <div class=\"pxl--item active\">\r\n                <h3 class=\"pxl-item-accordion\" data-target=\"#pxl-accordion-e54bed9pxl_accordion-e68a914-4862\">\r\n                <i class=\"fa fa-angle-down\"><\/i>\r\n                                                <span>\u041c\u043e\u0433\u0443 \u043b\u0438 \u044f \u043f\u043e\u043a\u0430\u0437\u044b\u0432\u0430\u0442\u044c \u0440\u0435\u043a\u043b\u0430\u043c\u0443 \u0434\u043b\u044f \u043a\u0430\u043a\u0438\u0445 \u0432\u0435\u0431-\u0441\u0430\u0439\u0442\u043e\u0432 \u0438 \u0441\u0442\u0440\u0430\u043d\u0438\u0446?<\/span>\r\n                \r\n                <\/h3>\r\n                <div id=\"pxl-accordion-e54bed9pxl_accordion-e68a914-4862\" class=\"pxl-item--content\" style=\"display: block;\">\u0422\u043e\u043b\u044c\u043a\u043e \u043e\u0434\u043e\u0431\u0440\u0435\u043d\u043d\u044b\u0435 \u0438 \u0437\u0430\u0440\u0435\u0433\u0438\u0441\u0442\u0440\u0438\u0440\u043e\u0432\u0430\u043d\u043d\u044b\u0435 \u0434\u043e\u043c\u0435\u043d\u044b, \u0432\u0435\u0431-\u0441\u0430\u0439\u0442\u044b, \u0446\u0435\u043b\u0435\u0432\u044b\u0435 \u0441\u0442\u0440\u0430\u043d\u0438\u0446\u044b \u0438 \u0441\u0442\u0440\u0430\u043d\u0438\u0446\u044b \u043c\u043e\u0433\u0443\u0442 \u043f\u043e\u043a\u0430\u0437\u044b\u0432\u0430\u0442\u044c \u0440\u0435\u043a\u043b\u0430\u043c\u0443. \u041f\u043e\u0441\u043b\u0435 \u044d\u0442\u043e\u0433\u043e \u0432\u044b \u0441\u043c\u043e\u0436\u0435\u0442\u0435 \u0440\u0435\u0433\u0438\u0441\u0442\u0440\u0438\u0440\u043e\u0432\u0430\u0442\u044c\u0441\u044f \u043d\u0430 \u043d\u043e\u0432\u044b\u0445 \u0441\u0430\u0439\u0442\u0430\u0445 \u0438 \u200b\u200b\u0441\u0442\u0440\u0430\u043d\u0438\u0446\u0430\u0445.<br \/>\n<\/div>\r\n            <\/div>\r\n                    <div class=\"pxl--item\">\r\n                <h3 class=\"pxl-item-accordion\" data-target=\"#pxl-accordion-ae6c995pxl_accordion-e68a914-4862\">\r\n                <i class=\"fa fa-angle-down\"><\/i>\r\n                                                <span>\u0427\u0442\u043e \u044d\u0442\u043e \u0437\u0430 \u0443\u0447\u0435\u0442\u043d\u0430\u044f \u0437\u0430\u043f\u0438\u0441\u044c?<\/span>\r\n                \r\n                <\/h3>\r\n                <div id=\"pxl-accordion-ae6c995pxl_accordion-e68a914-4862\" class=\"pxl-item--content\" >\u042d\u0442\u043e \u0441\u0447\u0435\u0442, \u0432\u044b\u0441\u0442\u0430\u0432\u043b\u0435\u043d\u043d\u044b\u0439 Facebook \u0430\u0433\u0435\u043d\u0442\u0441\u0442\u0432\u0443. \u0412 \u0443\u0447\u0435\u0442\u043d\u043e\u0439 \u0437\u0430\u043f\u0438\u0441\u0438 \u044d\u0442\u043e\u0433\u043e \u0442\u0438\u043f\u0430 \u043d\u0435 \u0438\u0441\u043f\u043e\u043b\u044c\u0437\u0443\u0435\u0442\u0441\u044f \u043a\u0430\u0440\u0442\u0430.<br \/>\n<\/div>\r\n            <\/div>\r\n                    <div class=\"pxl--item\">\r\n                <h3 class=\"pxl-item-accordion\" data-target=\"#pxl-accordion-e5e6555pxl_accordion-e68a914-4862\">\r\n                <i class=\"fa fa-angle-down\"><\/i>\r\n                                                <span>\u0417\u0430\u0447\u0435\u043c \u0432\u043d\u043e\u0441\u0438\u0442\u044c 200 \u0434\u043e\u043b\u043b\u0430\u0440\u043e\u0432?<\/span>\r\n                \r\n                <\/h3>\r\n                <div id=\"pxl-accordion-e5e6555pxl_accordion-e68a914-4862\" class=\"pxl-item--content\" >\u042d\u0442\u043e \u0441\u0443\u043c\u043c\u0430, \u043d\u0435\u043e\u0431\u0445\u043e\u0434\u0438\u043c\u0430\u044f \u0434\u043b\u044f \u043e\u0431\u0435\u0441\u043f\u0435\u0447\u0435\u043d\u0438\u044f \u0442\u043e\u0433\u043e, \u0447\u0442\u043e\u0431\u044b \u0432\u043e \u0432\u0440\u0435\u043c\u044f \u0440\u0430\u0431\u043e\u0442\u044b \u043a\u043b\u0438\u0435\u043d\u0442\u044b \u0441\u043e\u0431\u043b\u044e\u0434\u0430\u043b\u0438 \u043f\u0440\u0430\u0432\u0438\u043b\u0430 AdsFlyAgency, \u0430 \u0442\u0430\u043a\u0436\u0435 \u043f\u043e\u043b\u0438\u0442\u0438\u043a\u0443 Facebook. \u042d\u0442\u0430 \u0441\u0443\u043c\u043c\u0430 \u0431\u0443\u0434\u0435\u0442 \u0432\u043e\u0437\u0432\u0440\u0430\u0449\u0435\u043d\u0430 \u0441\u0440\u0430\u0437\u0443 \u043f\u043e\u0441\u043b\u0435 \u043e\u043a\u043e\u043d\u0447\u0430\u043d\u0438\u044f \u043a\u043e\u043d\u0442\u0440\u0430\u043a\u0442\u0430. \u0412 \u0441\u043b\u0443\u0447\u0430\u0435 \u043d\u0430\u043c\u0435\u0440\u0435\u043d\u043d\u043e\u0433\u043e \u043d\u0430\u0440\u0443\u0448\u0435\u043d\u0438\u044f \u043a\u043b\u0438\u0435\u043d\u0442\u043e\u043c \u0440\u0435\u043a\u043b\u0430\u043c\u043d\u044b\u0439 \u0430\u043a\u043a\u0430\u0443\u043d\u0442 \u0431\u0443\u0434\u0435\u0442 \u043e\u0442\u043a\u043b\u044e\u0447\u0435\u043d. AdsFlyAgency \u043f\u043e\u0434\u0434\u0435\u0440\u0436\u0438\u0442 \u0441\u043e\u043f\u0440\u043e\u0442\u0438\u0432\u043b\u0435\u043d\u0438\u0435, \u0438\u043d\u0430\u0447\u0435 \u0434\u0435\u043f\u043e\u0437\u0438\u0442 \u0431\u0443\u0434\u0435\u0442 \u0441\u043f\u0438\u0441\u0430\u043d<br \/>\n<\/div>\r\n            <\/div>\r\n                    <div class=\"pxl--item\">\r\n                <h3 class=\"pxl-item-accordion\" data-target=\"#pxl-accordion-6142a77pxl_accordion-e68a914-4862\">\r\n                <i class=\"fa fa-angle-down\"><\/i>\r\n                                                <span>\u041a\u0430\u043a \u0440\u0430\u0441\u0441\u0447\u0438\u0442\u044b\u0432\u0430\u0435\u0442\u0441\u044f \u043a\u043e\u043c\u0438\u0441\u0441\u0438\u044f \u0437\u0430 \u043e\u0442\u043a\u0440\u044b\u0442\u0438\u0435 \u0441\u0447\u0435\u0442\u0430 \u0432 \u0440\u0430\u0437\u043c\u0435\u0440\u0435 100 \u0434\u043e\u043b\u043b\u0430\u0440\u043e\u0432 \u0421\u0428\u0410?<\/span>\r\n                \r\n                <\/h3>\r\n                <div id=\"pxl-accordion-6142a77pxl_accordion-e68a914-4862\" class=\"pxl-item--content\" >\u042d\u0442\u043e \u043e\u0431\u044f\u0437\u0430\u0442\u0435\u043b\u044c\u043d\u0430\u044f \u043f\u043b\u0430\u0442\u0430 \u043f\u0440\u0438 \u043e\u0442\u043a\u0440\u044b\u0442\u0438\u0438 \u043d\u043e\u0432\u043e\u0433\u043e \u0441\u0447\u0435\u0442\u0430. \u042d\u0442\u0430 \u043f\u043b\u0430\u0442\u0430 \u043d\u0435 \u0431\u0443\u0434\u0435\u0442 \u0432\u043e\u0437\u0432\u0440\u0430\u0449\u0435\u043d\u0430 \u043f\u043e\u0441\u043b\u0435 \u043e\u043a\u043e\u043d\u0447\u0430\u043d\u0438\u044f \u043a\u043e\u043d\u0442\u0440\u0430\u043a\u0442\u0430.<br \/>\n<\/div>\r\n            <\/div>\r\n                    <div class=\"pxl--item\">\r\n                <h3 class=\"pxl-item-accordion\" data-target=\"#pxl-accordion-140dec1pxl_accordion-e68a914-4862\">\r\n                <i class=\"fa fa-angle-down\"><\/i>\r\n                                                <span>\u0415\u0441\u043b\u0438 \u0443\u0447\u0435\u0442\u043d\u0430\u044f \u0437\u0430\u043f\u0438\u0441\u044c \u0443\u043c\u0440\u0435\u0442 \u043d\u0435 \u0438\u0437-\u0437\u0430 \u043d\u0430\u0440\u0443\u0448\u0435\u043d\u0438\u044f \u043f\u043e\u043b\u0438\u0442\u0438\u043a\u0438, \u043a\u0430\u043a \u044d\u0442\u043e \u0431\u0443\u0434\u0435\u0442 \u0440\u0435\u0448\u0435\u043d\u043e?<\/span>\r\n                \r\n                <\/h3>\r\n                <div id=\"pxl-accordion-140dec1pxl_accordion-e68a914-4862\" class=\"pxl-item--content\" >\u0412 \u0441\u043b\u0443\u0447\u0430\u0435 \u0441\u043c\u0435\u0440\u0442\u0438 \u0430\u043a\u043a\u0430\u0443\u043d\u0442\u0430 \u043d\u0435 \u043f\u043e \u043f\u0440\u0438\u0447\u0438\u043d\u0435 \u043d\u0430\u0440\u0443\u0448\u0435\u043d\u0438\u044f \u043f\u043e\u043b\u0438\u0442\u0438\u043a\u0438, \u043d\u0435 \u043f\u043e \u0432\u0438\u043d\u0435 \u043a\u043b\u0438\u0435\u043d\u0442\u0430, Ads Fly \u0441\u043d\u0430\u0447\u0430\u043b\u0430 \u043e\u0431\u0440\u0430\u0442\u0438\u0442\u0441\u044f \u043a \u0430\u043a\u043a\u0430\u0443\u043d\u0442\u0443, \u0432 \u043f\u0440\u043e\u0442\u0438\u0432\u043d\u043e\u043c \u0441\u043b\u0443\u0447\u0430\u0435 \u043e\u0444\u043e\u0440\u043c\u0438\u0442 \u043d\u043e\u0432\u044b\u0439 \u0430\u043a\u043a\u0430\u0443\u043d\u0442 \u0438 \u043f\u0435\u0440\u0435\u0432\u0435\u0434\u0435\u0442 \u0432\u0441\u044e \u0441\u0443\u043c\u043c\u0443 \u0441\u043e \u0441\u0442\u0430\u0440\u043e\u0433\u043e \u0430\u043a\u043a\u0430\u0443\u043d\u0442\u0430 \u043d\u0430 \u043d\u043e\u0432\u044b\u0439. \u041a\u043b\u0438\u0435\u043d\u0442 \u043d\u0435 \u0431\u0443\u0434\u0435\u0442 \u043f\u043b\u0430\u0442\u0438\u0442\u044c \u043d\u0438\u043a\u0430\u043a\u0438\u0445 \u0437\u0430\u0442\u0440\u0430\u0442<br \/>\n<\/div>\r\n            <\/div>\r\n                    <div class=\"pxl--item\">\r\n                <h3 class=\"pxl-item-accordion\" data-target=\"#pxl-accordion-4985d27pxl_accordion-e68a914-4862\">\r\n                <i class=\"fa fa-angle-down\"><\/i>\r\n                                                <span>\u041a\u0430\u043a\u043e\u0439 \u043a\u0443\u0440\u0441 \u0434\u043e\u043b\u043b\u0430\u0440\u0430 \u0421\u0428\u0410?<\/span>\r\n                \r\n                <\/h3>\r\n                <div id=\"pxl-accordion-4985d27pxl_accordion-e68a914-4862\" class=\"pxl-item--content\" >\u0411\u0443\u0434\u0435\u0442 \u043a\u043e\u043b\u0435\u0431\u0430\u0442\u044c\u0441\u044f \u043e\u043a\u043e\u043b\u043e \u00b12%<br \/>\n<\/div>\r\n            <\/div>\r\n                    <div class=\"pxl--item\">\r\n                <h3 class=\"pxl-item-accordion\" data-target=\"#pxl-accordion-691a0e6pxl_accordion-e68a914-4862\">\r\n                <i class=\"fa fa-angle-down\"><\/i>\r\n                                                <span>\u0412\u043d\u0435\u0441\u0442\u0438 $200 \u043d\u0430 1 \u0430\u043a\u043a\u0430\u0443\u043d\u0442 \u0438\u043b\u0438 \u043d\u0430 5 \u0430\u043a\u043a\u0430\u0443\u043d\u0442\u043e\u0432?<\/span>\r\n                \r\n                <\/h3>\r\n                <div id=\"pxl-accordion-691a0e6pxl_accordion-e68a914-4862\" class=\"pxl-item--content\" >\u0414\u043b\u044f \u043a\u0430\u0436\u0434\u043e\u0433\u043e \u043e\u0442\u043a\u0440\u044b\u0442\u0438\u044f \u0441\u0447\u0435\u0442\u0430 \u0441\u0443\u043c\u043c\u0430 \u0434\u0435\u043f\u043e\u0437\u0438\u0442\u0430 \u0441\u043e\u0441\u0442\u0430\u0432\u0438\u0442 200 \u0434\u043e\u043b\u043b\u0430\u0440\u043e\u0432 \u0421\u0428\u0410, \u043a\u043b\u0438\u0435\u043d\u0442\u044b, \u043e\u0442\u043a\u0440\u044b\u0432\u0430\u044e\u0449\u0438\u0435 1 \u0441\u0447\u0435\u0442, 3 \u0441\u0447\u0435\u0442\u0430 \u0438\u043b\u0438 5 \u0441\u0447\u0435\u0442\u043e\u0432, \u0432\u043d\u043e\u0441\u044f\u0442 500 \u0434\u043e\u043b\u043b\u0430\u0440\u043e\u0432 \u0421\u0428\u0410.<\/div>\r\n            <\/div>\r\n            <\/div>\r\n    \t\t<\/div>\n\t\t\t\t<\/div>\n\t\t            <\/div>\r\n        <\/div>\r\n        \t\t\t<\/div>\n\t\t<\/section>\n\t\t\t\t<\/div>","protected":false},"excerpt":{"rendered":"<p>FAQ Frequently Asked Questions C\u00f3 th\u1ec3 ch\u1ea1y Ad cho website v\u00e0 trang n\u00e0o? Ch\u1ec9 c\u00e1c t\u00ean mi\u1ec1n, web, trang \u0111\u00edch, c\u00e1c trang \u0111\u00e3 \u0111\u01b0\u1ee3c ph\u00ea duy\u1ec7t v\u00e0 \u0111\u0103ng k\u00fd m\u1edbi c\u00f3 th\u1ec3 ch\u1ea1y qu\u1ea3ng c\u00e1o. Sau n\u00e0y, b\u1ea1n c\u00f3 th\u1ec3 \u0111\u0103ng k\u00fd c\u00e1c trang web v\u00e0 trang m\u1edbi. \u0110\u00e2y l\u00e0 lo\u1ea1i t\u00e0i kho\u1ea3n g\u00ec? \u0110\u00e2y [&hellip;]<\/p>","protected":false},"author":1,"featured_media":0,"parent":0,"menu_order":0,"comment_status":"closed","ping_status":"closed","template":"","meta":{"footnotes":""},"class_list":["post-324","page","type-page","status-publish","hentry"],"_links":{"self":[{"href":"https:\/\/ads-fly.com\/ru\/wp-json\/wp\/v2\/pages\/324","targetHints":{"allow":["GET"]}}],"collection":[{"href":"https:\/\/ads-fly.com\/ru\/wp-json\/wp\/v2\/pages"}],"about":[{"href":"https:\/\/ads-fly.com\/ru\/wp-json\/wp\/v2\/types\/page"}],"author":[{"embeddable":true,"href":"https:\/\/ads-fly.com\/ru\/wp-json\/wp\/v2\/users\/1"}],"replies":[{"embeddable":true,"href":"https:\/\/ads-fly.com\/ru\/wp-json\/wp\/v2\/comments?post=324"}],"version-history":[{"count":4,"href":"https:\/\/ads-fly.com\/ru\/wp-json\/wp\/v2\/pages\/324\/revisions"}],"predecessor-version":[{"id":20022,"href":"https:\/\/ads-fly.com\/ru\/wp-json\/wp\/v2\/pages\/324\/revisions\/20022"}],"wp:attachment":[{"href":"https:\/\/ads-fly.com\/ru\/wp-json\/wp\/v2\/media?parent=324"}],"curies":[{"name":"wp","href":"https:\/\/api.w.org\/{rel}","templated":true}]}}