{"id":324,"date":"2023-06-13T13:38:16","date_gmt":"2023-06-13T13:38:16","guid":{"rendered":"https:\/\/demo.bravisthemes.com\/digicove\/?page_id=324"},"modified":"2024-09-10T13:27:21","modified_gmt":"2024-09-10T13:27:21","slug":"frequently-asked-questions","status":"publish","type":"page","link":"https:\/\/ads-fly.com\/en\/frequently-asked-questions\/","title":{"rendered":"FAQs"},"content":{"rendered":"<div data-elementor-type=\"wp-page\" data-elementor-id=\"324\" class=\"elementor elementor-324\" data-elementor-post-type=\"page\">\n\t\t\t\t        <section class=\"elementor-section elementor-top-section elementor-element elementor-element-e5e9602 elementor-section-stretched elementor-section-boxed elementor-section-height-default elementor-section-height-default pxl-section-overflow-hidden-no\" data-id=\"e5e9602\" data-element_type=\"section\" data-settings=\"{&quot;stretch_section&quot;:&quot;section-stretched&quot;,&quot;background_background&quot;:&quot;classic&quot;}\">\n\n                \n                <div class=\"elementor-container elementor-column-gap-extended\">\n                <div class=\"elementor-column elementor-col-100 elementor-top-column elementor-element elementor-element-e2da256 col-offset-none pxl-column-element-default pxl-column-overflow-hidden-no\" data-id=\"e2da256\" data-element_type=\"column\">\r\n        <div class=\"elementor-widget-wrap elementor-element-populated\">\r\n                     \r\n        \t\t<div class=\"elementor-element elementor-element-784171b elementor-widget elementor-widget-pxl_heading\" data-id=\"784171b\" data-element_type=\"widget\" data-widget_type=\"pxl_heading.default\">\n\t\t\t\t<div class=\"elementor-widget-container\">\n\t\t\t<div class=\"pxl-heading\">\n    <div class=\"pxl-heading--inner\">\n                    <div class=\"pxl-item--subtitle\">\n                <span>FAQ<\/span>\n            <\/div>\n                <h2 class=\"pxl-item--title divider-none\">\n        Frequently Asked Questions                <\/h2>\n                    <\/div>\n<\/div>\n\n\t\t<\/div>\n\t\t\t\t<\/div>\n\t\t\t\t<div class=\"elementor-element elementor-element-e68a914 elementor-widget elementor-widget-pxl_accordion\" data-id=\"e68a914\" data-element_type=\"widget\" data-widget_type=\"pxl_accordion.default\">\n\t\t\t\t<div class=\"elementor-widget-container\">\n\t\t\t    <div class=\"pxl-accordion pxl-accordion1 style1\" data-wow-delay=\"ms\">\r\n                    <div class=\"pxl--item active\">\r\n                <h3 class=\"pxl-item-accordion\" data-target=\"#pxl-accordion-e54bed9pxl_accordion-e68a914-7862\">\r\n                <i class=\"fa fa-angle-down\"><\/i>\r\n                                                <span>Which websites and pages can I run Ads for?<\/span>\r\n                \r\n                <\/h3>\r\n                <div id=\"pxl-accordion-e54bed9pxl_accordion-e68a914-7862\" class=\"pxl-item--content\" style=\"display: block;\">Only approved and registered domains, websites, landing pages, and pages can run ads. You can register new websites and pages later.<br \/>\n<\/div>\r\n            <\/div>\r\n                    <div class=\"pxl--item\">\r\n                <h3 class=\"pxl-item-accordion\" data-target=\"#pxl-accordion-ae6c995pxl_accordion-e68a914-7862\">\r\n                <i class=\"fa fa-angle-down\"><\/i>\r\n                                                <span>What type of account is this?<\/span>\r\n                \r\n                <\/h3>\r\n                <div id=\"pxl-accordion-ae6c995pxl_accordion-e68a914-7862\" class=\"pxl-item--content\" >This is an Invoice issued by Facebook to an agency, this type of account does not use a card.<br \/>\n<\/div>\r\n            <\/div>\r\n                    <div class=\"pxl--item\">\r\n                <h3 class=\"pxl-item-accordion\" data-target=\"#pxl-accordion-e5e6555pxl_accordion-e68a914-7862\">\r\n                <i class=\"fa fa-angle-down\"><\/i>\r\n                                                <span>Why deposit $200?<\/span>\r\n                \r\n                <\/h3>\r\n                <div id=\"pxl-accordion-e5e6555pxl_accordion-e68a914-7862\" class=\"pxl-item--content\" >This is the amount to ensure that during the running process, the customer complies with the regulations of AdsFlyAgency as well as Facebook policies. This amount will be refunded immediately after the end of the contract. In case the customer intentionally violates, the Ads Account will be disabled. AdsFlyAgency will support the resistance, otherwise the deposit will be deducted.<br \/>\n<\/div>\r\n            <\/div>\r\n                    <div class=\"pxl--item\">\r\n                <h3 class=\"pxl-item-accordion\" data-target=\"#pxl-accordion-6142a77pxl_accordion-e68a914-7862\">\r\n                <i class=\"fa fa-angle-down\"><\/i>\r\n                                                <span>How is the $100 account opening fee calculated?<\/span>\r\n                \r\n                <\/h3>\r\n                <div id=\"pxl-accordion-6142a77pxl_accordion-e68a914-7862\" class=\"pxl-item--content\" >This is a mandatory fee when opening a new account. This fee will not be refunded after the contract ends.<br \/>\n<\/div>\r\n            <\/div>\r\n                    <div class=\"pxl--item\">\r\n                <h3 class=\"pxl-item-accordion\" data-target=\"#pxl-accordion-140dec1pxl_accordion-e68a914-7862\">\r\n                <i class=\"fa fa-angle-down\"><\/i>\r\n                                                <span>What happens if the account is dead not due to policy violation?<\/span>\r\n                \r\n                <\/h3>\r\n                <div id=\"pxl-accordion-140dec1pxl_accordion-e68a914-7862\" class=\"pxl-item--content\" >In case the account is dead not due to policy violation, not due to customer's fault, Ads Fly will first complain to the account, otherwise, it will issue a new account and transfer all the money in the old account to the new account. There will be no cost to the customer.<br \/>\n<\/div>\r\n            <\/div>\r\n                    <div class=\"pxl--item\">\r\n                <h3 class=\"pxl-item-accordion\" data-target=\"#pxl-accordion-4985d27pxl_accordion-e68a914-7862\">\r\n                <i class=\"fa fa-angle-down\"><\/i>\r\n                                                <span>What is the USD exchange rate?<\/span>\r\n                \r\n                <\/h3>\r\n                <div id=\"pxl-accordion-4985d27pxl_accordion-e68a914-7862\" class=\"pxl-item--content\" >Will fluctuate around \u00b1 2%<br \/>\n<\/div>\r\n            <\/div>\r\n                    <div class=\"pxl--item\">\r\n                <h3 class=\"pxl-item-accordion\" data-target=\"#pxl-accordion-691a0e6pxl_accordion-e68a914-7862\">\r\n                <i class=\"fa fa-angle-down\"><\/i>\r\n                                                <span>Deposit $200 for 1 account or 5 accounts?<\/span>\r\n                \r\n                <\/h3>\r\n                <div id=\"pxl-accordion-691a0e6pxl_accordion-e68a914-7862\" class=\"pxl-item--content\" >For each account opening, the deposit will be $200, customers opening 1 account or 3 accounts or 5 accounts will deposit $500.<\/div>\r\n            <\/div>\r\n            <\/div>\r\n    \t\t<\/div>\n\t\t\t\t<\/div>\n\t\t            <\/div>\r\n        <\/div>\r\n        \t\t\t<\/div>\n\t\t<\/section>\n\t\t\t\t<\/div>","protected":false},"excerpt":{"rendered":"<p>FAQ Frequently Asked Questions C\u00f3 th\u1ec3 ch\u1ea1y Ad cho website v\u00e0 trang n\u00e0o? Ch\u1ec9 c\u00e1c t\u00ean mi\u1ec1n, web, trang \u0111\u00edch, c\u00e1c trang \u0111\u00e3 \u0111\u01b0\u1ee3c ph\u00ea duy\u1ec7t v\u00e0 \u0111\u0103ng k\u00fd m\u1edbi c\u00f3 th\u1ec3 ch\u1ea1y qu\u1ea3ng c\u00e1o. Sau n\u00e0y, b\u1ea1n c\u00f3 th\u1ec3 \u0111\u0103ng k\u00fd c\u00e1c trang web v\u00e0 trang m\u1edbi. \u0110\u00e2y l\u00e0 lo\u1ea1i t\u00e0i kho\u1ea3n g\u00ec? \u0110\u00e2y [&hellip;]<\/p>","protected":false},"author":1,"featured_media":0,"parent":0,"menu_order":0,"comment_status":"closed","ping_status":"closed","template":"","meta":{"footnotes":""},"class_list":["post-324","page","type-page","status-publish","hentry"],"_links":{"self":[{"href":"https:\/\/ads-fly.com\/en\/wp-json\/wp\/v2\/pages\/324","targetHints":{"allow":["GET"]}}],"collection":[{"href":"https:\/\/ads-fly.com\/en\/wp-json\/wp\/v2\/pages"}],"about":[{"href":"https:\/\/ads-fly.com\/en\/wp-json\/wp\/v2\/types\/page"}],"author":[{"embeddable":true,"href":"https:\/\/ads-fly.com\/en\/wp-json\/wp\/v2\/users\/1"}],"replies":[{"embeddable":true,"href":"https:\/\/ads-fly.com\/en\/wp-json\/wp\/v2\/comments?post=324"}],"version-history":[{"count":4,"href":"https:\/\/ads-fly.com\/en\/wp-json\/wp\/v2\/pages\/324\/revisions"}],"predecessor-version":[{"id":20022,"href":"https:\/\/ads-fly.com\/en\/wp-json\/wp\/v2\/pages\/324\/revisions\/20022"}],"wp:attachment":[{"href":"https:\/\/ads-fly.com\/en\/wp-json\/wp\/v2\/media?parent=324"}],"curies":[{"name":"wp","href":"https:\/\/api.w.org\/{rel}","templated":true}]}}