{"id":19858,"date":"2024-09-05T16:40:06","date_gmt":"2024-09-05T16:40:06","guid":{"rendered":"https:\/\/ads-fly.com\/?page_id=19858"},"modified":"2024-10-21T23:19:16","modified_gmt":"2024-10-21T23:19:16","slug":"terms","status":"publish","type":"page","link":"https:\/\/ads-fly.com\/en\/terms\/","title":{"rendered":"Terms of Use"},"content":{"rendered":"<div data-elementor-type=\"wp-page\" data-elementor-id=\"19858\" class=\"elementor elementor-19858\" data-elementor-post-type=\"page\">\n\t\t\t\t        <section class=\"elementor-section elementor-top-section elementor-element elementor-element-e3d537f elementor-section-stretched elementor-section-boxed elementor-section-height-default elementor-section-height-default pxl-section-overflow-hidden-no\" data-id=\"e3d537f\" data-element_type=\"section\" data-settings=\"{&quot;stretch_section&quot;:&quot;section-stretched&quot;}\">\n\n                \n                <div class=\"elementor-container elementor-column-gap-extended\">\n                <div class=\"elementor-column elementor-col-100 elementor-top-column elementor-element elementor-element-597a822 col-offset-none pxl-column-element-default pxl-column-overflow-hidden-no\" data-id=\"597a822\" data-element_type=\"column\">\r\n        <div class=\"elementor-widget-wrap elementor-element-populated\">\r\n                     \r\n        \t\t<div class=\"elementor-element elementor-element-960cb45 elementor-widget elementor-widget-pxl_heading\" data-id=\"960cb45\" data-element_type=\"widget\" data-widget_type=\"pxl_heading.default\">\n\t\t\t\t<div class=\"elementor-widget-container\">\n\t\t\t<div class=\"pxl-heading\">\n    <div class=\"pxl-heading--inner\">\n                    <div class=\"pxl-item--subtitle wow fadeInUp\">\n                <span>Terms of Use<br \/>\n<\/span>\n            <\/div>\n                <h3 class=\"pxl-item--title divider-none wow fadeInUp\">\n        Terms of Use\n                <\/h3>\n                    <\/div>\n<\/div>\n\n\t\t<\/div>\n\t\t\t\t<\/div>\n\t\t\t\t<div class=\"elementor-element elementor-element-90d5d9c elementor-widget elementor-widget-text-editor\" data-id=\"90d5d9c\" data-element_type=\"widget\" data-widget_type=\"text-editor.default\">\n\t\t\t\t<div class=\"elementor-widget-container\">\n\t\t\t<style>\/*! elementor - v3.23.0 - 05-08-2024 *\/\n.elementor-widget-text-editor.elementor-drop-cap-view-stacked .elementor-drop-cap{background-color:#69727d;color:#fff}.elementor-widget-text-editor.elementor-drop-cap-view-framed .elementor-drop-cap{color:#69727d;border:3px solid;background-color:transparent}.elementor-widget-text-editor:not(.elementor-drop-cap-view-default) .elementor-drop-cap{margin-top:8px}.elementor-widget-text-editor:not(.elementor-drop-cap-view-default) .elementor-drop-cap-letter{width:1em;height:1em}.elementor-widget-text-editor .elementor-drop-cap{float:left;text-align:center;line-height:1;font-size:50px}.elementor-widget-text-editor .elementor-drop-cap-letter{display:inline-block}<\/style>\t\t\t\t<p>ARTICLE 1: DEFINITIONS AND SERVICES<br \/>1.1 Definition<br \/>\u2013 Advertising account: Is the Facebook advertising account that Party B provides to Party A.<br \/>\u2013 Advertising Budget: Is the amount of money that Party A transfers to Party B to be used only for advertising purposes.<br \/>\u2013 Services: Services that Party B provides to Party A and are listed in point 1.2 of this Contract<br \/>\u2013 Service fee: The cost that Party A will have to pay to Party B to use the service stated in point 1.2 of this Contract. Calculated as a % of the advertising budget.<br \/>\u2013 Deposit: The amount that Party A must transfer to Party B's designated account to ensure the implementation of the commitments in the Contract. Party B has the right to use the deposit to pay debts\/penalties and other arising costs (if any). Upon termination of the Contract, the remaining deposit will be returned to Party A.<\/p><p>1.2 Services<br \/>\u2013 Party B provides advertising accounts to Party A through the BM prepared by Party B. Party A will share resources with BM to run ads and share employees' BM participation rights, in order to use advertising accounts to set up advertising campaigns.<br \/>\u2013 Support in handling arising situations under the responsibility of Party B. Warning the Party for<br \/>A knows the issues to be aware of, the violations of Party A.<br \/>\u2013 When the advertising account is locked, Party B supports reflecting and reporting the status of the advertising account to Facebook.<br \/>ARTICLE 2: SERVICE CONDITIONS<br \/>2.1 Side A<br \/>\u2013 Party A ensures compliance with current Facebook regulations (https:\/\/www.facebook.com\/policies\/ads\/).<br \/>\u2013 Make adjustments when receiving warnings about violations related to the use of Party B's account.<br \/>\u2013 Party A agrees that the content in the advertisement as well as in Party A's related media must be approved by Party B before the advertisement is released.<br \/>\u2013 Keep the contents of this Contract confidential and not disclose them to any third party without the consent of Party B, except in cases where a competent state agency requests it.<\/p><p class=\" translation-block\">2.2 DISCLAIMER<br>\u2013 Party B commits not to use information from the account for purposes other than supporting Party A.<br>\u2013 Party B commits to respecting the privacy of the advertising account.<br>\u2013 Party B has the right to access and view Party A's advertising account to check the content and stop Party A's invalid campaigns.<br>ARTICLE 3: RIGHTS AND OBLIGATIONS OF THE PARTIES<br>3.1 Side A<br>\u2013 Party A has the right to provide and use the services stated in Article 1.2 of this Contract.<br>\u2013 Party A is responsible for timely payment of the Deposit + Advertising Budget + Service Fee by transferring to Party B's account.<br>\u2013 Responsible for signing and accepting the work acceptance report when Party B performs the performance obligations in Section 1.2 of the Contract <br>\u2013 Be responsible for the authenticity of the content on your advertisement and resolve disputes with third parties regarding the information content yourself.<br>\u2013 Comply with the provisions of the law on intellectual property rights, industrial property rights, copyright ownership rights according to the provisions of Vietnamese law.<br>3.2 DISCLAIMER<br>\u2013 Provide full support tools and services to Party A.<br>Party B's operating hours for outstanding debts and recording payments and transactions start from 8:30 am to 5:00 pm Vietnam time (GMT + 7) every day. Transactions outside the specified time will be transferred to the next working day.<br>\u2013 In case the advertising account is locked due to Party A's violation, Party B will provide the remaining advertising budget in the locked advertising account to the newly released advertising account.<br>\u2013 Quickly resolve Party A's complaints about service quality within the scope of Party B's responsibility and authority.<br>\u2013 Party B is not responsible for any content appearing on advertisements and related media deployed by Party A.<br>ARTICLE 4: CONTRACT TERM \u2013 CONTRACT TERM \u2013 SERVICE POLICY \u2013 PAYMENT METHOD<br>4.1 Contract term<br>\u2013 This contract is effective until Party A's advertising budget in the advertising account provided by Party B has been used up, and automatically renewed when Party A continues to transfer additional fees and the next advertising budget.<br>4.2 Termination of Contract<br>\u2013 This Contract is terminated in the following cases:<br>Party A:<br>\u2013 Party A has the right to unilaterally terminate the Contract immediately in case Party B is found to have violated Article 2.2 of the Contract and request Party B to compensate Party A for damages (if any). At the same time, Party B must return 100% of Party A's deposit.<br>Party B<br>\u2013 In case Party A intentionally violates Facebook's terms and conditions, and Party B's policies, leading to the advertising account being locked and Facebook refusing to reissue. Party B will unilaterally terminate the Contract and Party A will be fined $200 and Party B will use the deposit to deduct.<br>\u2013 Party B has the right to unilaterally suspend or terminate the Contract in case Party A fails to properly fulfill its commitments in this Contract.<br>Cases to note:<br>\u2013 In case of Force Majeure, the parties must make every effort to minimize the damage and liquidate the Contract. Neither party shall be responsible for the damage caused by Force Majeure.<br>\u2013 In case either party wants to stop the service before the due date for objective reasons, the two parties agree and agree on the spirit of understanding and mutual support. If Party A does not violate any policies of Facebook and Party B, Party B will be refunded the remaining budget in the advertising account, and the deposit. The refund amount will also be converted according to the foreign exchange rate given by Party B in the Contract \u2013 In any case, service fees and foreign exchange fees will not be refunded.<\/p><p class=\" translation-block\">\u2013 Party A deposits $200 for each account for the provision of the service. The deposit will be refunded when the two parties terminate the Service Contract as agreed. In case Party A violates clause 2.1 of this Contract, Party B has the right to immediately terminate the Contract and use the deposit to pay for Party A's penalties for breach of contract.<br>\u2013 Advertising fee and service fee: The service fee is 3% of the advertising budget and has a minimum revenue of $1000 per account\/month.<br>\u2013 The foreign exchange rate is determined by Party B and will be updated weekly by Party B (The exchange rate is updated by Party B according to the current exchange rate and the foreign exchange fee is not more than 2%).<\/p><p class=\" translation-block\">\u2013 Additional support services: Some other expenses arise because Party A needs Party B's support to serve Party B's initial setup. Party B only needs to pay according to the fee schedule of the third-party provider.<br>4.4 Payment method<br>\u2013 Deposit: Party A pays a deposit to Party B to set up the service package as soon as this Contract is signed.<br>\u2013 Advertising and service fees: Party A will send Party B the advertising budget and corresponding service fees each time.<br>\u2013 Foreign currency conversion fee: Party B will charge a reasonable fee for weekly foreign currency conversion for each time Party A's advertising budget is recharged, this fee does not exceed 2%.<br>\u2013 Additional support services: Party A pays fees arising from requesting Party B to use third-party services to support Party A in completing the setup steps.<br>ARTICLE 5: IMPLEMENTATION REGULATIONS ACTION<br>\u2013 This Contract takes effect immediately after signing.<br>\u2013 Both parties commit to strictly comply with the terms of the Contract. In case either party intentionally violates any term of the Contract; the other party will be reminded in writing.<br>\u2013 If either party wants to change anything related to the Contract, that party must have a written request 03 days in advance for consideration and agreement. Any costs arising from changing the Contract due to any reason of the party, that party is responsible for payment.<br>\u2013 During the implementation process, if there is any problem, the two parties will actively negotiate and resolve it in the spirit of cooperation and mutual respect. If the two parties cannot resolve the matter themselves, they will agree to transfer the case to the economic court at the place where Party B's business address is located for work.<br>ARTICLE 6: CONTRACT PERFORMANCE TERM<br>\u2013 This contract is effective from the date of signing.<br>\u2013 The two parties will hold a meeting and make a contract liquidation record after 7 days. Party B is responsible for organizing it at a suitable time and place.<\/p>\t\t\t\t\t\t<\/div>\n\t\t\t\t<\/div>\n\t\t            <\/div>\r\n        <\/div>\r\n        \t\t\t<\/div>\n\t\t<\/section>\n\t\t\t\t<\/div>","protected":false},"excerpt":{"rendered":"<p>\u0110i\u1ec1u kho\u1ea3n s\u1eed d\u1ee5ng \u0110i\u1ec1u kho\u1ea3n s\u1eed d\u1ee5ng \u0110I\u1ec0U 1: \u0110\u1ecaNH NGH\u0128A V\u00c0 D\u1ecaCH V\u1ee4 1.1 \u0110\u1ecbnh ngh\u0129a \u2013 T\u00e0i kho\u1ea3n qu\u1ea3ng c\u00e1o: L\u00e0 t\u00e0i kho\u1ea3n qu\u1ea3ng c\u00e1o Facebook m\u00e0 B\u00ean B cung c\u1ea5p cho B\u00ean A. \u2013 Advertising Budget: L\u00e0 s\u1ed1 ti\u1ec1n m\u00e0 B\u00ean A chuy\u1ec3n cho B\u00ean B \u0111\u1ec3 ch\u1ec9 s\u1eed d\u1ee5ng cho [&hellip;]<\/p>","protected":false},"author":1,"featured_media":0,"parent":0,"menu_order":0,"comment_status":"closed","ping_status":"closed","template":"","meta":{"footnotes":""},"class_list":["post-19858","page","type-page","status-publish","hentry"],"_links":{"self":[{"href":"https:\/\/ads-fly.com\/en\/wp-json\/wp\/v2\/pages\/19858","targetHints":{"allow":["GET"]}}],"collection":[{"href":"https:\/\/ads-fly.com\/en\/wp-json\/wp\/v2\/pages"}],"about":[{"href":"https:\/\/ads-fly.com\/en\/wp-json\/wp\/v2\/types\/page"}],"author":[{"embeddable":true,"href":"https:\/\/ads-fly.com\/en\/wp-json\/wp\/v2\/users\/1"}],"replies":[{"embeddable":true,"href":"https:\/\/ads-fly.com\/en\/wp-json\/wp\/v2\/comments?post=19858"}],"version-history":[{"count":8,"href":"https:\/\/ads-fly.com\/en\/wp-json\/wp\/v2\/pages\/19858\/revisions"}],"predecessor-version":[{"id":20252,"href":"https:\/\/ads-fly.com\/en\/wp-json\/wp\/v2\/pages\/19858\/revisions\/20252"}],"wp:attachment":[{"href":"https:\/\/ads-fly.com\/en\/wp-json\/wp\/v2\/media?parent=19858"}],"curies":[{"name":"wp","href":"https:\/\/api.w.org\/{rel}","templated":true}]}}