{"id":19850,"date":"2024-09-05T16:35:15","date_gmt":"2024-09-05T16:35:15","guid":{"rendered":"https:\/\/ads-fly.com\/?page_id=19850"},"modified":"2024-10-21T23:18:03","modified_gmt":"2024-10-21T23:18:03","slug":"work-policy","status":"publish","type":"page","link":"https:\/\/ads-fly.com\/en\/work-policy\/","title":{"rendered":"Working Policy"},"content":{"rendered":"<div data-elementor-type=\"wp-page\" data-elementor-id=\"19850\" class=\"elementor elementor-19850\" data-elementor-post-type=\"page\">\n\t\t\t\t        <section class=\"elementor-section elementor-top-section elementor-element elementor-element-e3d537f elementor-section-stretched elementor-section-boxed elementor-section-height-default elementor-section-height-default pxl-section-overflow-hidden-no\" data-id=\"e3d537f\" data-element_type=\"section\" data-settings=\"{&quot;stretch_section&quot;:&quot;section-stretched&quot;}\">\n\n                \n                <div class=\"elementor-container elementor-column-gap-extended\">\n                <div class=\"elementor-column elementor-col-100 elementor-top-column elementor-element elementor-element-597a822 col-offset-none pxl-column-element-default pxl-column-overflow-hidden-no\" data-id=\"597a822\" data-element_type=\"column\">\r\n        <div class=\"elementor-widget-wrap elementor-element-populated\">\r\n                     \r\n        \t\t<div class=\"elementor-element elementor-element-960cb45 elementor-widget elementor-widget-pxl_heading\" data-id=\"960cb45\" data-element_type=\"widget\" data-widget_type=\"pxl_heading.default\">\n\t\t\t\t<div class=\"elementor-widget-container\">\n\t\t\t<div class=\"pxl-heading\">\n    <div class=\"pxl-heading--inner\">\n                    <div class=\"pxl-item--subtitle wow fadeInUp\">\n                <span>WORK POLICY<br \/>\n<\/span>\n            <\/div>\n                <h3 class=\"pxl-item--title divider-none wow fadeInUp\">\n        WORK POLICY\n                <\/h3>\n                    <\/div>\n<\/div>\n\n\t\t<\/div>\n\t\t\t\t<\/div>\n\t\t\t\t<div class=\"elementor-element elementor-element-90d5d9c elementor-widget elementor-widget-text-editor\" data-id=\"90d5d9c\" data-element_type=\"widget\" data-widget_type=\"text-editor.default\">\n\t\t\t\t<div class=\"elementor-widget-container\">\n\t\t\t<style>\/*! elementor - v3.23.0 - 05-08-2024 *\/\n.elementor-widget-text-editor.elementor-drop-cap-view-stacked .elementor-drop-cap{background-color:#69727d;color:#fff}.elementor-widget-text-editor.elementor-drop-cap-view-framed .elementor-drop-cap{color:#69727d;border:3px solid;background-color:transparent}.elementor-widget-text-editor:not(.elementor-drop-cap-view-default) .elementor-drop-cap{margin-top:8px}.elementor-widget-text-editor:not(.elementor-drop-cap-view-default) .elementor-drop-cap-letter{width:1em;height:1em}.elementor-widget-text-editor .elementor-drop-cap{float:left;text-align:center;line-height:1;font-size:50px}.elementor-widget-text-editor .elementor-drop-cap-letter{display:inline-block}<\/style>\t\t\t\t<p>1. PAYMENT POLICY<\/p><p>After signing a contract with Ads Fly, customers agree to Ads Fly's terms and policies.<\/p><p>Deposit money into the website and Topup into the account<\/p><p>USD exchange rate (Updated daily) is taken from TECHCOMBANK's exchange rate + 1.5% foreign currency conversion fee.<\/p><p>Example: August 2, 2022: Techcombank exchange rate: 23,500<\/p><p>Exchange rate: 23,500 + 23,500 * 1.5% = 23,852 VND<\/p><p>2. INSTRUCTIONS AND REGULATIONS OF FACEBOOK ACCOUNT RENTAL SERVICE<\/p><p>2.1 ABOUT PAGE<\/p><p class=\" translation-block\">Avatar and Banner: Avatar with the website logo, on the banner there is the website logo<br>About section: Fill in as much information as possible. Address \u2013 Phone number \u2013 Email \u2013 Website is required<br>Post 3 articles about the product (the posted product must be the same as the product on the registered website)<\/p><p>2.2 ABOUT WEBSITE\/ LANDING PAGE<\/p><p>All content on the Web, landing page, page does not violate Facebook policies and Agency recommendations: https:\/\/www.facebook.com\/policies\/ads\/<br \/>Website\/Ladipage must have full information Company Name, Address, Phone Number, Email, Policy:<br \/>Terms and conditions, Privacy policy, Warranty policy, Shipping and delivery policy,..<br \/>Domain is not restricted from advertising<br \/>Should use information domain name (Recommended .com)<br \/>No sale over 50%<br \/>Time limit: No Countdown timer, x% sale today only, Promotion only applies today<br \/>5 star rating: Do not use all 5 star customer reviews facebook considers inaccurate<\/p><p>Note: Ads Fly Agency will complete and edit for customers to help the account registration process as quickly as possible.<\/p><p class=\" translation-block\">Deposit time: No delay, only 10 seconds. Full 24\/7. The fastest deposit time is during business hours: Monday-Saturday from 8:30-17:30. Other times will be delayed from 1-2 hours.<br>No content check, if the account dies, a new account will be issued within 24 hours and the remaining budget in the dead account will be transferred to the new account within 1-2 days (excluding Sunday).<br>Account issuance time is within 24-48 hours (excluding Sunday) from when the customer completes the domain preparation<\/p>\t\t\t\t\t\t<\/div>\n\t\t\t\t<\/div>\n\t\t            <\/div>\r\n        <\/div>\r\n        \t\t\t<\/div>\n\t\t<\/section>\n\t\t\t\t<\/div>","protected":false},"excerpt":{"rendered":"<p>CH\u00cdNH S\u00c1CH L\u00c0M VI\u1ec6C CH\u00cdNH S\u00c1CH L\u00c0M VI\u1ec6C 1. CH\u00cdNH S\u00c1CH THANH TO\u00c1N Kh\u00e1ch h\u00e0ng sau khi l\u00e0m h\u1ee3p \u0111\u1ed3ng v\u1edbi Ads Fly, \u0111\u1ed3ng \u00fd th\u1ecfa thu\u1eadn v\u00e0 ch\u00ednh s\u00e1ch c\u1ee7a Ads Fly. Kh\u00e1ch h\u00e0ng s\u1ebd t\u1ea1o t\u00e0i kho\u1ea3n trong h\u1ec7 th\u1ed1ng Ads Flyadsmanager c\u1ee7a Ads Fly. T\u1ea1i \u0111\u00e2y c\u00e1c ch\u00fang t\u00f4i s\u1ebd m\u1edf v\u00e0 [&hellip;]<\/p>","protected":false},"author":1,"featured_media":0,"parent":0,"menu_order":0,"comment_status":"closed","ping_status":"closed","template":"","meta":{"footnotes":""},"class_list":["post-19850","page","type-page","status-publish","hentry"],"_links":{"self":[{"href":"https:\/\/ads-fly.com\/en\/wp-json\/wp\/v2\/pages\/19850","targetHints":{"allow":["GET"]}}],"collection":[{"href":"https:\/\/ads-fly.com\/en\/wp-json\/wp\/v2\/pages"}],"about":[{"href":"https:\/\/ads-fly.com\/en\/wp-json\/wp\/v2\/types\/page"}],"author":[{"embeddable":true,"href":"https:\/\/ads-fly.com\/en\/wp-json\/wp\/v2\/users\/1"}],"replies":[{"embeddable":true,"href":"https:\/\/ads-fly.com\/en\/wp-json\/wp\/v2\/comments?post=19850"}],"version-history":[{"count":11,"href":"https:\/\/ads-fly.com\/en\/wp-json\/wp\/v2\/pages\/19850\/revisions"}],"predecessor-version":[{"id":20251,"href":"https:\/\/ads-fly.com\/en\/wp-json\/wp\/v2\/pages\/19850\/revisions\/20251"}],"wp:attachment":[{"href":"https:\/\/ads-fly.com\/en\/wp-json\/wp\/v2\/media?parent=19850"}],"curies":[{"name":"wp","href":"https:\/\/api.w.org\/{rel}","templated":true}]}}