{"id":19842,"date":"2024-09-05T16:31:14","date_gmt":"2024-09-05T16:31:14","guid":{"rendered":"https:\/\/ads-fly.com\/?page_id=19842"},"modified":"2024-10-21T23:16:55","modified_gmt":"2024-10-21T23:16:55","slug":"privacy-policy-2","status":"publish","type":"page","link":"https:\/\/ads-fly.com\/en\/privacy-policy-2\/","title":{"rendered":"Privacy Policy"},"content":{"rendered":"<div data-elementor-type=\"wp-page\" data-elementor-id=\"19842\" class=\"elementor elementor-19842\" data-elementor-post-type=\"page\">\n\t\t\t\t        <section class=\"elementor-section elementor-top-section elementor-element elementor-element-e3d537f elementor-section-stretched elementor-section-boxed elementor-section-height-default elementor-section-height-default pxl-section-overflow-hidden-no\" data-id=\"e3d537f\" data-element_type=\"section\" data-settings=\"{&quot;stretch_section&quot;:&quot;section-stretched&quot;}\">\n\n                \n                <div class=\"elementor-container elementor-column-gap-extended\">\n                <div class=\"elementor-column elementor-col-100 elementor-top-column elementor-element elementor-element-597a822 col-offset-none pxl-column-element-default pxl-column-overflow-hidden-no\" data-id=\"597a822\" data-element_type=\"column\">\r\n        <div class=\"elementor-widget-wrap elementor-element-populated\">\r\n                     \r\n        \t\t<div class=\"elementor-element elementor-element-960cb45 elementor-widget elementor-widget-pxl_heading\" data-id=\"960cb45\" data-element_type=\"widget\" data-widget_type=\"pxl_heading.default\">\n\t\t\t\t<div class=\"elementor-widget-container\">\n\t\t\t<div class=\"pxl-heading\">\n    <div class=\"pxl-heading--inner\">\n                    <div class=\"pxl-item--subtitle wow fadeInUp\">\n                <span>Privacy Policy<\/span>\n            <\/div>\n                <h3 class=\"pxl-item--title divider-none wow fadeInUp\">\n        Privacy Policy                <\/h3>\n                    <\/div>\n<\/div>\n\n\t\t<\/div>\n\t\t\t\t<\/div>\n\t\t            <\/div>\r\n        <\/div>\r\n        \t\t\t<\/div>\n\t\t<\/section>\n\t\t        <section class=\"elementor-section elementor-top-section elementor-element elementor-element-31d6734 elementor-section-stretched elementor-section-boxed elementor-section-height-default elementor-section-height-default pxl-section-overflow-hidden-no\" data-id=\"31d6734\" data-element_type=\"section\" data-settings=\"{&quot;stretch_section&quot;:&quot;section-stretched&quot;,&quot;background_background&quot;:&quot;classic&quot;}\">\n\n                \n                <div class=\"elementor-container elementor-column-gap-extended\">\n                <div class=\"elementor-column elementor-col-100 elementor-top-column elementor-element elementor-element-34e6f7e col-offset-none pxl-column-element-default pxl-column-overflow-hidden-no\" data-id=\"34e6f7e\" data-element_type=\"column\">\r\n        <div class=\"elementor-widget-wrap elementor-element-populated\">\r\n                     \r\n        \t\t<div class=\"elementor-element elementor-element-e19d57b elementor-widget elementor-widget-text-editor\" data-id=\"e19d57b\" data-element_type=\"widget\" data-widget_type=\"text-editor.default\">\n\t\t\t\t<div class=\"elementor-widget-container\">\n\t\t\t<style>\/*! elementor - v3.23.0 - 05-08-2024 *\/\n.elementor-widget-text-editor.elementor-drop-cap-view-stacked .elementor-drop-cap{background-color:#69727d;color:#fff}.elementor-widget-text-editor.elementor-drop-cap-view-framed .elementor-drop-cap{color:#69727d;border:3px solid;background-color:transparent}.elementor-widget-text-editor:not(.elementor-drop-cap-view-default) .elementor-drop-cap{margin-top:8px}.elementor-widget-text-editor:not(.elementor-drop-cap-view-default) .elementor-drop-cap-letter{width:1em;height:1em}.elementor-widget-text-editor .elementor-drop-cap{float:left;text-align:center;line-height:1;font-size:50px}.elementor-widget-text-editor .elementor-drop-cap-letter{display:inline-block}<\/style>\t\t\t\t<p class=\" translation-block\">Ads Fly Privacy Policy<br><strong>1. Information that Ads Fly collects<\/strong><\/p><p class=\" translation-block\">In order to provide services and provide a better experience for all users, we collect information from you when you register on the Ads Fly website. Specifically, when you create an account, you provide us with personal information (including full name, phone number, contact email address). However, you can still access our site anonymously. This means that you can enter the site without revealing any information about yourself.<br>Regarding information customization, you can edit your full name yourself in the Account Management page on the website. If you change your login email or phone number, you need to send us a request and go through the authentication steps.<\/p><p class=\" translation-block\"><strong>2. Purpose of Ads Fly's Information Collection<\/strong><br>Ads Fly uses the collected data for general purposes: account identification and authentication, service improvement, customer care and research. In addition, your information and registration account will be stored indefinitely so that you can renew the service at any time.<\/p><p class=\" translation-block\"><strong>3. Information security<\/strong><br>Ads Fly takes the issue of user information security very seriously. Therefore, we do not sell, exchange, or use other forms of commercial activities with your personal information.<\/p><p class=\" translation-block\"><strong>4. Information storage<\/strong><br>Ads Fly is committed to absolutely not storing any user data during the use of the products\/services we provide.<br>However, Cookies Manager will have its own information storage policy because this product has the feature of synchronizing data to the cloud system.<br>You can understand it as follows: When you enable data synchronization mode, you have allowed Ads Fly to store your data on the cloud system. This data is encrypted by the password you entered, and only you can decrypt it. We are committed to absolutely not storing the encryption password and absolutely cannot decrypt your data.<br>In any case, if you forget the encryption password, you will not be able to decrypt this data. We also have no way to support the recovery of your data. We promise not to sell, trade, or use your personal information or stored data in any other commercial way.<br>In addition, you can completely delete, edit stored data and request to delete your account on our system.<\/p><p class=\" translation-block\"><strong>5. Delete collected information<\/strong><br>You can completely delete the data stored on our platforms yourself.<\/p><p class=\" translation-block\"><strong>6. Note<\/strong><br>We may need to disclose personal information in special cases related to the law or when your actions violate the policy.<\/p><p class=\" translation-block\"><strong>Ads Fly Terms of Service<\/strong><br>Ads Fly provides technology solutions for advertisers through software. Our solution is to bring utilities and tools to help advertisers optimize time and resources in running ads on current platforms.<br>You will not be charged for using Ads Fly products if it is a free version. Instead, you will have to pay when using the advanced functions we provide in those tools.<br>We are committed to not storing any advertising data or advertising assets of users when using our products.<br>Our Privacy Policy explains how we collect and use your personal data.<\/p><p class=\" translation-block\"><strong>Cookie Policy<\/strong><br>This cookie policy will explain when and why cookies are used when you visit https:\/\/Ads Fly.vn or any Website owned by Ads Fly.<\/p><p class=\" translation-block\"><strong>What are Cookies?<\/strong><br>Cookies are text files containing small amounts of information that are downloaded to your device when you visit our Website. Cookies are used to make site navigation more efficient, remember your preferences and improve your user experience. Cookies can also ensure that the advertising content you see online is more relevant to you and your interests.<br>Currently, Ads Fly only uses persistent Cookies \u2013 these cookies will remain on the user's device for a period of time specified in the cookie.<br>More specifically, these are cookies that are necessary for the operation of our website as soon as you log in to your Ads Fly account. It allows us to store your login information for subsequent visits, while ensuring your experience on our website is better.<\/p><p><strong>Disclaimer<\/strong><\/p><p class=\" translation-block\">1. Payment method<br>Ads Fly's current payment method is clearly stated in the payment section.<br>We will not be responsible for any cases of non-payment via the prescribed form and content.<\/p><p class=\" translation-block\">2. Refund policy<br>When you decide to purchase a specific function of Ads Fly or deposit money, it means that you agree to Ads Fly's purchase agreements. We encourage you to carefully study that paid function or contact our customer service team directly to receive detailed advice and consultation before making a decision, which will help you avoid misunderstandings or confusion after making a transaction. For all transactions to deposit money into an account or purchase transactions of paid function packages, Ads Fly does not accept refunds to customers in any form to avoid individuals and organizations taking advantage of it to commit illegal acts. At the same time, this is also to ensure that there is no abuse of our refund policy.<\/p><p class=\" translation-block\">3. Impersonating products, software and services<br>Ads Fly is not responsible for the risks and consequences of users when using products NOT provided by Ads Fly.<\/p>\t\t\t\t\t\t<\/div>\n\t\t\t\t<\/div>\n\t\t            <\/div>\r\n        <\/div>\r\n        \t\t\t<\/div>\n\t\t<\/section>\n\t\t\t\t<\/div>","protected":false},"excerpt":{"rendered":"<p>Ch\u00ednh S\u00e1ch B\u1ea3o M\u1eadt Ch\u00ednh s\u00e1ch b\u1ea3o m\u1eadt Ch\u00ednh s\u00e1ch b\u1ea3o m\u1eadt c\u1ee7a Ads Fly 1. Th\u00f4ng tin m\u00e0 Ads Fly thu th\u1eadp Nh\u1eb1m cung c\u1ea5p d\u1ecbch v\u1ee5 v\u00e0 mang \u0111\u1ebfn tr\u1ea3i nghi\u1ec7m t\u1ed1t h\u01a1n cho t\u1ea5t c\u1ea3 ng\u01b0\u1eddi d\u00f9ng, ch\u00fang t\u00f4i thu nh\u1eadp th\u00f4ng tin t\u1eeb b\u1ea1n khi b\u1ea1n \u0111\u0103ng k\u00fd tr\u00ean trang web [&hellip;]<\/p>","protected":false},"author":1,"featured_media":0,"parent":0,"menu_order":0,"comment_status":"closed","ping_status":"closed","template":"","meta":{"footnotes":""},"class_list":["post-19842","page","type-page","status-publish","hentry"],"_links":{"self":[{"href":"https:\/\/ads-fly.com\/en\/wp-json\/wp\/v2\/pages\/19842","targetHints":{"allow":["GET"]}}],"collection":[{"href":"https:\/\/ads-fly.com\/en\/wp-json\/wp\/v2\/pages"}],"about":[{"href":"https:\/\/ads-fly.com\/en\/wp-json\/wp\/v2\/types\/page"}],"author":[{"embeddable":true,"href":"https:\/\/ads-fly.com\/en\/wp-json\/wp\/v2\/users\/1"}],"replies":[{"embeddable":true,"href":"https:\/\/ads-fly.com\/en\/wp-json\/wp\/v2\/comments?post=19842"}],"version-history":[{"count":14,"href":"https:\/\/ads-fly.com\/en\/wp-json\/wp\/v2\/pages\/19842\/revisions"}],"predecessor-version":[{"id":20250,"href":"https:\/\/ads-fly.com\/en\/wp-json\/wp\/v2\/pages\/19842\/revisions\/20250"}],"wp:attachment":[{"href":"https:\/\/ads-fly.com\/en\/wp-json\/wp\/v2\/media?parent=19842"}],"curies":[{"name":"wp","href":"https:\/\/api.w.org\/{rel}","templated":true}]}}